{"id":6296,"date":"2026-01-21T09:05:45","date_gmt":"2026-01-21T08:05:45","guid":{"rendered":"https:\/\/rythmologie.fr\/index\/?page_id=6296"},"modified":"2026-03-09T10:38:55","modified_gmt":"2026-03-09T09:38:55","slug":"nos-commissions","status":"publish","type":"page","link":"https:\/\/rythmologie.fr\/index\/nos-commissions\/","title":{"rendered":"NOS COMMISSIONS"},"content":{"rendered":"<p>[vc_row][vc_column][\/vc_column][vc_wp_custommenu nav_menu=&#8221;5&#8243;][vc_separator color=&#8221;custom&#8221; border_width=&#8221;2&#8243; accent_color=&#8221;#e4201c&#8221;][\/vc_row][vc_row][vc_column][vc_column_text]<\/p>\n<h1><strong>Commissions du Groupe de rythmologie et de stimulation cardiaque \u2013 SFC<\/strong><\/h1>\n<h2>Commission Formation<\/h2>\n<p>R\u00e9f\u00e9rent : <strong>Philippe Maury<\/strong><br \/>\nMembres : Fabrice Extramiana, Eloi Marijon, St\u00e9phane Combes, Laure Champ-Rigot, Laura Delsarte<br \/>\nMembre invit\u00e9 : Jean-Claude Deharo<\/p>\n<p>La commission Formation a pour objectif de structurer et de renforcer l\u2019offre de formation en rythmologie, en lien \u00e9troit avec le Coll\u00e8ge des enseignants.<\/p>\n<p><strong>Ses actions principales sont :<\/strong><\/p>\n<ul>\n<li>Soutenir la formation des internes et des docteurs juniors en sp\u00e9cialisation de rythmologie interventionnelle.<\/li>\n<li>Promouvoir l\u2019examen EHRA au niveau national<\/li>\n<li>D\u00e9velopper des formations pratiques, incluant des masterclasses de pr\u00e9paration \u00e0 l\u2019examen EHRA et des ateliers pratiques lors des journ\u00e9es du groupe.<\/li>\n<li>Contribuer \u00e0 l\u2019\u00e9dition d\u2019ouvrages de r\u00e9f\u00e9rence en rythmologie.<\/li>\n<li>Assurer une veille bibliographique r\u00e9guli\u00e8re afin de diffuser les avanc\u00e9es scientifiques et les recommandations r\u00e9centes dans le domaine de la rythmologie.<\/li>\n<\/ul>\n<hr style=\"border: 1px solid red;\" \/>\n<p>&nbsp;<\/p>\n<h2>Commission Recherche<\/h2>\n<p>R\u00e9f\u00e9rent : <strong>Eloi Marijon<\/strong><br \/>\nMembres : Rapha\u00ebl Martins, Rodrigue Garcia, Philippe Maury, Vincent Probst<\/p>\n<p>La commission Recherche a pour objectif de favoriser la recherche collaborative en rythmologie et de promouvoir le partage de donn\u00e9es entre les centres.<\/p>\n<p><strong>Ses actions principales sont :<\/strong><\/p>\n<ul>\n<li>Soutenir et structurer les registres et consortiums nationaux en rythmologie.<\/li>\n<li>Faciliter le d\u00e9veloppement de projets multicentriques et collaboratifs, et promouvoir le partage de donn\u00e9es entre les centres.<\/li>\n<li>Accompagner l\u2019implication et la formation des jeunes chercheurs, notamment \u00e0 travers des bourses de mobilit\u00e9 internationale.<\/li>\n<\/ul>\n<hr style=\"border: 1px solid red;\" \/>\n<p>&nbsp;<\/p>\n<h2>Commission Congr\u00e8s et International<\/h2>\n<p>R\u00e9f\u00e9rent : <strong>Fabrice Extramiana<\/strong><br \/>\nMembres : St\u00e9phane Combes, Rodrigue Garcia, Vincent Probst, Peggy Jacon<\/p>\n<p>La commission Congr\u00e8s et International vise \u00e0 renforcer la visibilit\u00e9 et le rayonnement de la rythmologie fran\u00e7aise au niveau national et international.<\/p>\n<p><strong>Ses actions principales sont :<\/strong><\/p>\n<ul>\n<li>Organiser les Journ\u00e9es annuelles francophones de rythmologie et de stimulation cardiaque,<\/li>\n<li>\u00c9laborer le programme scientifique du congr\u00e8s,<\/li>\n<li>Participer \u00e0 l\u2019\u00e9laboration du programme rythmologie des JESFC.<\/li>\n<li>Renforcer les relations avec les coll\u00e8gues de la francophonie, les autres groupes et soci\u00e9t\u00e9s savantes, ainsi qu\u2019avec l\u2019EHRA.<\/li>\n<li>Favoriser la pr\u00e9sence et la reconnaissance des rythmologues fran\u00e7ais sur la sc\u00e8ne internationale.<\/li>\n<\/ul>\n<hr style=\"border: 1px solid red;\" \/>\n<p>&nbsp;<\/p>\n<h2>Commission Communication<\/h2>\n<p>R\u00e9f\u00e9rent : <strong>Rapha\u00ebl Martins<\/strong><br \/>\nMembres : Rodrigue Garcia, Walid Amara<\/p>\n<p>La commission Communication a pour objectif d\u2019am\u00e9liorer la visibilit\u00e9, la lisibilit\u00e9 et la diffusion des actions du groupe aupr\u00e8s de la communaut\u00e9 rythmologique, au niveau national et international.<\/p>\n<p><strong>Ses actions principales sont :<\/strong><\/p>\n<ul>\n<li>D\u00e9velopper et animer les outils de communication du groupe, notamment le site internet \u00e0 destination des professionnels<\/li>\n<li>Organiser des webinaires trimestriels \u00e0 destination de la communaut\u00e9 rythmologique.<\/li>\n<li>Favoriser la diffusion de contenus p\u00e9dagogiques et de formation, en lien avec les actions des diff\u00e9rentes commissions.<\/li>\n<li>Assurer la couverture des congr\u00e8s et des temps forts du groupe.<\/li>\n<li>Renforcer le lien et la coordination avec l\u2019EHRA sur les actions de communication.<\/li>\n<\/ul>\n<hr style=\"border: 1px solid red;\" \/>\n<p>&nbsp;<\/p>\n<h2>Commission Recommandations et Enqu\u00eates<\/h2>\n<p>R\u00e9f\u00e9rente : <strong>Laure Champ-Rigot<\/strong><br \/>\nMembres : Mina Ait-Said, Vincent Probst, Philippe Maury<br \/>\nMembre invit\u00e9 : Geoffroy Ditac<\/p>\n<p>La commission Recommandations et Enqu\u00eates a pour objectif de contribuer \u00e0 l\u2019am\u00e9lioration et \u00e0 l\u2019harmonisation des pratiques professionnelles en rythmologie, \u00e0 partir de donn\u00e9es issues d\u2019enqu\u00eates nationales et des recommandations europ\u00e9ennes.<\/p>\n<p><strong>Ses actions principales sont<\/strong> :<\/p>\n<ul>\n<li>Concevoir et piloter une enqu\u00eate nationale par an, incluant l\u2019\u00e9laboration du questionnaire, l\u2019analyse des r\u00e9ponses et la production d\u2019un document de synth\u00e8se.<br \/>\nTh\u00e9matiques:<br \/>\n&#8211; 2025 : t\u00e9l\u00e9surveillance<br \/>\n&#8211; 2026 : d\u00e9veloppement durable<\/li>\n<li>Contribuer \u00e0 l\u2019Atlas EHRA (tous les deux ans), avec analyse des donn\u00e9es et publication d\u2019une cartographie des pratiques en France.<\/li>\n<li>Participer \u00e0 la diffusion et \u00e0 l\u2019appropriation des recommandations nationales et europ\u00e9ennes au sein de la communaut\u00e9 rythmologique.<\/li>\n<\/ul>\n<hr style=\"border: 1px solid red;\" \/>\n<p>&nbsp;<\/p>\n<h2>Commission Technologie, Num\u00e9rique et D\u00e9veloppement durable<\/h2>\n<p>R\u00e9f\u00e9rent : <strong>Rodrigue Garcia<\/strong><br \/>\nMembres : Laure Champ-Rigot, Philippe Maury, Walid Amara, Fabrice Extramiana<\/p>\n<p>La commission Technologie, Num\u00e9rique et D\u00e9veloppement durable accompagne les \u00e9volutions technologiques et num\u00e9riques en rythmologie, en int\u00e9grant les enjeux de d\u00e9veloppement durable.<\/p>\n<p><strong>Ses missions principales sont :<\/strong><\/p>\n<ul>\n<li>Promouvoir le d\u00e9veloppement durable en rythmologie, notamment \u00e0 travers le suivi d\u2019une exp\u00e9rimentation en lien avec le minist\u00e8re.<\/li>\n<li>Accompagner les \u00e9volutions li\u00e9es \u00e0 la t\u00e9l\u00e9surveillance des patients.<\/li>\n<li>G\u00e9rer en lien avec les industriels et l\u2019ANSM les alertes de produits\/m\u00e9dicaments<\/li>\n<li>Travailler sur les enjeux du num\u00e9rique en sant\u00e9, en particulier autour des formats ECG et de l\u2019interop\u00e9rabilit\u00e9 des donn\u00e9es.<\/li>\n<li>Explorer les applications de l\u2019intelligence artificielle en sant\u00e9 dans le champ de la rythmologie.<\/li>\n<li>Assurer une coordination \u00e9troite avec le Cercle IA de la Soci\u00e9t\u00e9 Fran\u00e7aise de Cardiologie.<\/li>\n<\/ul>\n<hr style=\"border: 1px solid red;\" \/>\n<p>&nbsp;<\/p>\n<h2>Commission Relations Patients<\/h2>\n<p>R\u00e9f\u00e9rente : <strong>Peggy Jacon<\/strong><br \/>\nMembres : Mina Ait-Said, Walid Amara, Carole Mette, Vincent Probst<br \/>\nMembre invit\u00e9 : Fran\u00e7oise Steinbach, repr\u00e9sentante des patients<\/p>\n<p>La commission Relations Patients vise \u00e0 renforcer la place des patients dans les actions du groupe et \u00e0 am\u00e9liorer l\u2019information et l\u2019accompagnement qui leur sont destin\u00e9s.<\/p>\n<p><strong>Ses missions principales sont :<\/strong><\/p>\n<ul>\n<li>Identifier les besoins et les informations manquantes \u00e0 destination des patients et assurer leur mise \u00e0 jour si n\u00e9cessaire.<\/li>\n<li>Renforcer la coordination avec les associations de patients.<\/li>\n<li>D\u00e9velopper des supports p\u00e9dagogiques d\u00e9di\u00e9s \u00e0 l\u2019\u00e9ducation th\u00e9rapeutique et \u00e0 l\u2019information des patients (supports \u00e9crits, vid\u00e9os, outils num\u00e9riques), avec la possibilit\u00e9 de lancer des appels \u00e0 projets.<\/li>\n<\/ul>\n<p>[\/vc_column_text][\/vc_column][\/vc_row]<\/p>\n","protected":false},"excerpt":{"rendered":"<p>[vc_row][vc_column][\/vc_column][vc_wp_custommenu nav_menu=&#8221;5&#8243;][vc_separator color=&#8221;custom&#8221; border_width=&#8221;2&#8243; accent_color=&#8221;#e4201c&#8221;][\/vc_row][vc_row][vc_column][vc_column_text] Commissions du Groupe de rythmologie et de stimulation cardiaque \u2013 SFC Commission Formation R\u00e9f\u00e9rent : Philippe Maury Membres : Fabrice Extramiana, Eloi Marijon, St\u00e9phane Combes, Laure Champ-Rigot, Laura Delsarte Membre invit\u00e9 : Jean-Claude Deharo La commission Formation a pour objectif de structurer et de renforcer l\u2019offre de formation en rythmologie,&hellip;<\/p>\n","protected":false},"author":2,"featured_media":0,"parent":0,"menu_order":0,"comment_status":"closed","ping_status":"closed","template":"","meta":{"inline_featured_image":false,"footnotes":"","_links_to":"","_links_to_target":""},"class_list":["post-6296","page","type-page","status-publish","hentry","description-off"],"_links":{"self":[{"href":"https:\/\/rythmologie.fr\/index\/wp-json\/wp\/v2\/pages\/6296","targetHints":{"allow":["GET"]}}],"collection":[{"href":"https:\/\/rythmologie.fr\/index\/wp-json\/wp\/v2\/pages"}],"about":[{"href":"https:\/\/rythmologie.fr\/index\/wp-json\/wp\/v2\/types\/page"}],"author":[{"embeddable":true,"href":"https:\/\/rythmologie.fr\/index\/wp-json\/wp\/v2\/users\/2"}],"replies":[{"embeddable":true,"href":"https:\/\/rythmologie.fr\/index\/wp-json\/wp\/v2\/comments?post=6296"}],"version-history":[{"count":15,"href":"https:\/\/rythmologie.fr\/index\/wp-json\/wp\/v2\/pages\/6296\/revisions"}],"predecessor-version":[{"id":6450,"href":"https:\/\/rythmologie.fr\/index\/wp-json\/wp\/v2\/pages\/6296\/revisions\/6450"}],"wp:attachment":[{"href":"https:\/\/rythmologie.fr\/index\/wp-json\/wp\/v2\/media?parent=6296"}],"curies":[{"name":"wp","href":"https:\/\/api.w.org\/{rel}","templated":true}]}}