{"id":5521,"date":"2025-04-03T14:29:58","date_gmt":"2025-04-03T12:29:58","guid":{"rendered":"https:\/\/rythmologie.fr\/index\/?page_id=5521"},"modified":"2026-02-10T15:24:17","modified_gmt":"2026-02-10T14:24:17","slug":"decrets","status":"publish","type":"page","link":"https:\/\/rythmologie.fr\/index\/decrets\/","title":{"rendered":"D\u00e9crets"},"content":{"rendered":"<p>[vc_row][vc_column][vc_column_text]D\u00e9cret relatif aux conditions techniques de fonctionnement de l\u2019activit\u00e9 interventionnelle sous imagerie m\u00e9dicale en cardiologie<\/p>\n<p><a href=\"https:\/\/rythmologie.fr\/index\/wp-content\/uploads\/2026\/02\/Decret-JO-environnement-technique-rythmo.pdf\">https:\/\/rythmologie.fr\/index\/wp-content\/uploads\/2026\/02\/Decret-JO-environnement-technique-rythmo.pdf<\/a><\/p>\n<p>Instruction DGOS relative \u00e0 la mise en \u0153uvre de la r\u00e9forme de l\u2019activit\u00e9 interventionnelle sous imagerie m\u00e9dicale en cardiologie<\/p>\n<p><a href=\"https:\/\/rythmologie.fr\/index\/wp-content\/uploads\/2026\/02\/instruction-DGOS-reforme-activite-interventionnelle.pdf\">https:\/\/rythmologie.fr\/index\/wp-content\/uploads\/2026\/02\/instruction-DGOS-reforme-activite-interventionnelle.pdf<\/a><\/p>\n<p>D\u00e9cret n\u00b0 2021-1512 du 19 novembre 2021 relatif aux modalit\u00e9s de d\u00e9claration et de suivi des protocoles locaux de coop\u00e9ration au sein des dispositifs d&#8217;exercice coordonn\u00e9 et des \u00e9tablissements et services m\u00e9dico-sociaux <a href=\"https:\/\/sante.gouv.fr\/professionnels\/gerer-un-etablissement-de-sante-medico-social\/cooperations\/cooperation-entre-professionnels-de-sante\/article\/les-protocoles-de-cooperation\" target=\"_blank\" rel=\"nofollow noopener\">https:\/\/sante.gouv.fr\/professionnels\/gerer-un-etablissement-de-sante-medico-social\/cooperations\/cooperation-entre-professionnels-de-sante\/article\/les-protocoles-de-cooperation<\/a><\/p>\n<p>Arr\u00eat\u00e9 du 28 mars 2022 fixant la liste des affections m\u00e9dicales incompatibles ou compatibles avec ou sans am\u00e9nagements ou restrictions pour l&#8217;obtention, le renouvellement ou le maintien du permis de conduire ou pouvant donner lieu \u00e0 la d\u00e9livrance de permis de conduire de dur\u00e9e de validit\u00e9 limit\u00e9e (refonte)<br \/>\n<a href=\"https:\/\/www.legifrance.gouv.fr\/jorf\/id\/JORFTEXT000045464094\" target=\"_blank\" rel=\"nofollow noopener\">https:\/\/www.legifrance.gouv.fr\/jorf\/id\/JORFTEXT000045464094<\/a><\/p>\n<p>Arr\u00eat\u00e9 du 7 septembre 2020 modifiant l&#8217;arr\u00eat\u00e9 du 1er septembre 2020 relatif \u00e0 l&#8217;autorisation du protocole de coop\u00e9ration \u00ab Contr\u00f4le des dispositifs implantables rythmologiques par un(e) infirmier(e) associant une prise en charge en pr\u00e9sentiel et en t\u00e9l\u00e9m\u00e9decine \u00bb<br \/>\n<a href=\"https:\/\/www.legifrance.gouv.fr\/jorf\/id\/JORFTEXT000042316452\" target=\"_blank\" rel=\"nofollow noopener\">https:\/\/www.legifrance.gouv.fr\/jorf\/id\/JORFTEXT000042316452<\/a><\/p>\n<p>Arr\u00eat\u00e9 du 21 f\u00e9vrier 2019 portant inscription du stimulateur cardiaque implantable simple chambre implant\u00e9 par voie transcatheter MICRA de la soci\u00e9t\u00e9 MEDTRONIC France SAS au titre III de la liste des produits et prestations remboursables pr\u00e9vue \u00e0 l&#8217;article L. 165-1 du code de la s\u00e9curit\u00e9 sociale (rectificatif) <a href=\"https:\/\/www.legifrance.gouv.fr\/jorf\/id\/JORFTEXT000038214987\" target=\"_blank\" rel=\"nofollow noopener\">https:\/\/www.legifrance.gouv.fr\/jorf\/id\/JORFTEXT000038214987<\/a>[\/vc_column_text][\/vc_column][\/vc_row]<\/p>\n","protected":false},"excerpt":{"rendered":"<p>[vc_row][vc_column][vc_column_text]D\u00e9cret relatif aux conditions techniques de fonctionnement de l\u2019activit\u00e9 interventionnelle sous imagerie m\u00e9dicale en cardiologie https:\/\/rythmologie.fr\/index\/wp-content\/uploads\/2026\/02\/Decret-JO-environnement-technique-rythmo.pdf Instruction DGOS relative \u00e0 la mise en \u0153uvre de la r\u00e9forme de l\u2019activit\u00e9 interventionnelle sous imagerie m\u00e9dicale en cardiologie https:\/\/rythmologie.fr\/index\/wp-content\/uploads\/2026\/02\/instruction-DGOS-reforme-activite-interventionnelle.pdf D\u00e9cret n\u00b0 2021-1512 du 19 novembre 2021 relatif aux modalit\u00e9s de d\u00e9claration et de suivi des protocoles locaux de&hellip;<\/p>\n","protected":false},"author":1,"featured_media":0,"parent":0,"menu_order":0,"comment_status":"closed","ping_status":"closed","template":"","meta":{"inline_featured_image":false,"footnotes":"","_links_to":"","_links_to_target":""},"class_list":["post-5521","page","type-page","status-publish","hentry","description-off"],"_links":{"self":[{"href":"https:\/\/rythmologie.fr\/index\/wp-json\/wp\/v2\/pages\/5521","targetHints":{"allow":["GET"]}}],"collection":[{"href":"https:\/\/rythmologie.fr\/index\/wp-json\/wp\/v2\/pages"}],"about":[{"href":"https:\/\/rythmologie.fr\/index\/wp-json\/wp\/v2\/types\/page"}],"author":[{"embeddable":true,"href":"https:\/\/rythmologie.fr\/index\/wp-json\/wp\/v2\/users\/1"}],"replies":[{"embeddable":true,"href":"https:\/\/rythmologie.fr\/index\/wp-json\/wp\/v2\/comments?post=5521"}],"version-history":[{"count":4,"href":"https:\/\/rythmologie.fr\/index\/wp-json\/wp\/v2\/pages\/5521\/revisions"}],"predecessor-version":[{"id":6416,"href":"https:\/\/rythmologie.fr\/index\/wp-json\/wp\/v2\/pages\/5521\/revisions\/6416"}],"wp:attachment":[{"href":"https:\/\/rythmologie.fr\/index\/wp-json\/wp\/v2\/media?parent=5521"}],"curies":[{"name":"wp","href":"https:\/\/api.w.org\/{rel}","templated":true}]}}