{"id":429,"date":"2022-06-14T16:10:31","date_gmt":"2022-06-14T14:10:31","guid":{"rendered":"https:\/\/rythmologie.fr\/?page_id=429"},"modified":"2023-09-25T10:03:42","modified_gmt":"2023-09-25T08:03:42","slug":"syncope-diagnostic-traitement","status":"publish","type":"page","link":"https:\/\/rythmologie.fr\/index\/syncope-diagnostic-traitement\/","title":{"rendered":"Syncope &#8211; Diagnostic &#038; Traitement"},"content":{"rendered":"<p>[vc_row][vc_column][vc_empty_space height=&#8221;60&#8243;][vc_column_text]<\/p>\n<h2>Syncope &#8211; Diagnostic &amp; Traitement<\/h2>\n<p>[\/vc_column_text][vc_separator color=&#8221;custom&#8221; border_width=&#8221;2&#8243; accent_color=&#8221;#e4201c&#8221;][\/vc_column][\/vc_row][vc_row][vc_column width=&#8221;1\/4&#8243;][vc_single_image image=&#8221;338&#8243; img_size=&#8221;medium&#8221; alignment=&#8221;center&#8221;][\/vc_column][vc_column width=&#8221;1\/2&#8243;]<div id=\"ultimate-heading-222769f4d6b9cb489\" class=\"uvc-heading ult-adjust-bottom-margin ultimate-heading-222769f4d6b9cb489 uvc-1462  uvc-heading-default-font-sizes\" data-hspacer=\"no_spacer\"  data-halign=\"left\" style=\"text-align:left\"><div class=\"uvc-heading-spacer no_spacer\" style=\"top\"><\/div><div class=\"uvc-main-heading ult-responsive\"  data-ultimate-target='.uvc-heading.ultimate-heading-222769f4d6b9cb489 h2'  data-responsive-json-new='{\"font-size\":\"\",\"line-height\":\"\"}' ><h2 style=\"--font-weight:theme;color:#000000;\">Serge Boveda \u2013 Jean-Claude Deharo \u2013 Claude Kouakam<\/h2><\/div><div class=\"uvc-sub-heading ult-responsive\"  data-ultimate-target='.uvc-heading.ultimate-heading-222769f4d6b9cb489 .uvc-sub-heading '  data-responsive-json-new='{\"font-size\":\"\",\"line-height\":\"\"}'  style=\"font-weight:normal;color:#000000;\"><\/p>\n<p><strong>Prix :<\/strong> 95 \u20ac<\/p>\n<p><strong>ISBN :<\/strong> 978-2-9544751-5-8<\/div><\/div>[vc_empty_space height=&#8221;20 px&#8221;]<style type=\"text\/css\" data-type=\"the7_shortcodes-inline-css\">#default-btn-c2b6f94c9a29c7e8c79c3da9d466b6f5.ico-right-side > i {\n  margin-right: 0px;\n  margin-left: 8px;\n}\n#default-btn-c2b6f94c9a29c7e8c79c3da9d466b6f5 > i {\n  margin-right: 8px;\n}\n<\/style><a href=\"https:\/\/overcome.key4events.com\/register.aspx?e=256&amp;c=1301&amp;prflReg=1\" class=\"default-btn-shortcode dt-btn dt-btn-l link-hover-off btn-inline-left \" id=\"default-btn-c2b6f94c9a29c7e8c79c3da9d466b6f5\" rel=\"nofollow\"><span>Commander un exemplaire<\/span><\/a>[\/vc_column][vc_column width=&#8221;1\/4&#8243;][\/vc_column][\/vc_row][vc_row][vc_column][vc_empty_space height=&#8221;20 px&#8221;][vc_column_text]<\/p>\n<p style=\"text-align: justify;\">Le sympt\u00f4me \u00ab syncope \u00bb se trouve au carrefour de pathologies tr\u00e8s vari\u00e9es dont certaines peuvent avoir un pronostic sombre si elles ne sont pas reconnues. Par sa fr\u00e9quence, le spectre tr\u00e8s large des patients affect\u00e9s et ses lourdes cons\u00e9quences tant individuelles que collectives, la syncope constitue \u00e9galement un v\u00e9ritable probl\u00e8me de sant\u00e9 publique.<\/p>\n<p style=\"text-align: justify;\">Cependant, sa prise en charge souffre encore souvent d\u2019une certaine h\u00e9t\u00e9rog\u00e9n\u00e9it\u00e9 car elle rel\u00e8ve de sp\u00e9cialit\u00e9s tr\u00e8s diverses.<\/p>\n<p style=\"text-align: justify;\">La connaissance dans le domaine a connu d\u2019immenses progr\u00e8s au cours des trois derni\u00e8res d\u00e9cennies, notamment gr\u00e2ce \u00e0 la mise \u00e0 disposition de nouveaux outils diagnostiques. La litt\u00e9rature sur le sujet \u00e9tant essentiellement anglo-saxonne, il nous a sembl\u00e9 important que le lecteur francophone puisse disposer d\u2019un ouvrage didactique de r\u00e9f\u00e9rence en fran\u00e7ais. Nous avons souhait\u00e9 y int\u00e9grer les donn\u00e9es les plus r\u00e9centes \u00e9pid\u00e9miologiques, diagnostiques et th\u00e9rapeutiques. La pratique professionnelle tirera avantage de la large place donn\u00e9e aux derni\u00e8res recommandations des soci\u00e9t\u00e9s savantes.<\/p>\n<p style=\"text-align: justify;\">Cet ouvrage est le fruit d\u2019un travail collectif de coll\u00e8gues fran\u00e7ais et europ\u00e9ens. Tous experts reconnus dans le domaine, ils ont apport\u00e9 \u00e0 la r\u00e9daction de ce pr\u00e9cis leurs larges connaissances et leur exp\u00e9rience personnelle.<\/p>\n<p style=\"text-align: justify;\">Cet ouvrage se veut d\u2019une grande utilit\u00e9 dans la pratique clinique quotidienne des m\u00e9decins issus de multiples sp\u00e9cialit\u00e9s et confront\u00e9s \u00e0 la syncope.<\/p>\n<p>Nous vous en souhaitons une lecture instructive autant qu\u2019agr\u00e9able.[\/vc_column_text][\/vc_column][\/vc_row][vc_row][vc_column][vc_empty_space][vc_separator color=&#8221;custom&#8221; border_width=&#8221;2&#8243; accent_color=&#8221;rgba(0,0,0,0.1)&#8221;][\/vc_column][\/vc_row][vc_row][vc_column width=&#8221;1\/2&#8243;][vc_empty_space height=&#8221;20px&#8221;][vc_column_text]<\/p>\n<h2 style=\"text-align: center;\">Sommaire<\/h2>\n<p>[\/vc_column_text][vc_empty_space height=&#8221;10px&#8221;][vc_row_inner gap=&#8221;15&#8243;][vc_column_inner width=&#8221;2\/5&#8243;][vc_column_text]<\/p>\n<h3 style=\"text-align: right;\">Pr\u00e9face<\/h3>\n<p style=\"text-align: right;\"><strong>CHAPITRE 1 &#8211;<\/strong> D\u00e9finition, classification et pronostic<\/p>\n<p style=\"text-align: right;\"><strong>CHAPITRE 2 &#8211;<\/strong> Evaluation et tests diagnostiques<\/p>\n<p style=\"text-align: right;\"><strong>CHAPITRE 3 &#8211;<\/strong> Traitement et autre prise en charge<\/p>\n<p style=\"text-align: right;\"><strong>LISTE DES AUTEURS<\/strong><\/p>\n<p style=\"text-align: right;\"><strong>LISTE DES ABREVIATIONS<\/strong><\/p>\n<p>[\/vc_column_text][\/vc_column_inner][vc_column_inner width=&#8221;3\/5&#8243;][vc_single_image image=&#8221;495&#8243; img_size=&#8221;medium&#8221; alignment=&#8221;right&#8221; onclick=&#8221;custom_link&#8221; img_link_target=&#8221;_blank&#8221; link=&#8221;https:\/\/rythmologie.fr\/wp-content\/uploads\/2022\/06\/SOMMAIRE-SYNCOPE.pdf&#8221; css=&#8221;.vc_custom_1672851640923{margin-left: -50px !important;}&#8221;][\/vc_column_inner][\/vc_row_inner][\/vc_column][vc_column width=&#8221;1\/2&#8243; css=&#8221;.vc_custom_1663838189087{margin-top: -60px !important;}&#8221;][vc_empty_space height=&#8221;47px&#8221;][vc_video link=&#8221;https:\/\/youtu.be\/SZGMiEsHhBw&#8221; el_aspect=&#8221;43&#8243; css=&#8221;.vc_custom_1667562803616{border-radius: 2px !important;}&#8221;][\/vc_column][\/vc_row][vc_row][vc_column][vc_empty_space][vc_separator color=&#8221;custom&#8221; border_width=&#8221;2&#8243; accent_color=&#8221;rgba(0,0,0,0.1)&#8221;][\/vc_column][\/vc_row][vc_row][vc_column css=&#8221;.vc_custom_1663839488516{margin-top: -10px !important;}&#8221;][vc_column_text]<div class=\"_3d-flip-book  fb3d-fullscreen-mode full-size\" data-id=\"1915\" data-mode=\"fullscreen\" data-title=\"false\" data-template=\"short-white-book-view\" data-lightbox=\"dark-shadow\" data-urlparam=\"fb3d-page\" data-page-n=\"0\" data-pdf=\"\" data-tax=\"null\" data-thumbnail=\"\" data-cols=\"3\" data-book-template=\"default\" data-trigger=\"\"><\/div><script type=\"text\/javascript\">window.FB3D_CLIENT_DATA = window.FB3D_CLIENT_DATA || [];FB3D_CLIENT_DATA.push('eyJwb3N0cyI6eyIxOTE1Ijp7IklEIjoxOTE1LCJ0aXRsZSI6IkNsYXVkZS1Lb3Vha2FtIiwidHlwZSI6InBkZiIsInJlYWR5X2Z1bmN0aW9uIjoiIiwiYm9va19zdHlsZSI6ImZsYXQiLCJib29rX3RlbXBsYXRlIjoibm9uZSIsIm91dGxpbmUiOltdLCJkYXRhIjp7InBvc3RfSUQiOiIxOTExIiwiZ3VpZCI6Imh0dHBzOlwvXC9yeXRobW9sb2dpZS5mclwvd3AtY29udGVudFwvdXBsb2Fkc1wvMjAyMlwvMDlcL0NIQVBJVFJFLTFfMi1DbGF1ZGUtS291YWthbV9jb21wcmVzc2VkLnBkZiIsInBkZl9wYWdlcyI6IjgiLCJwYWdlc19jdXN0b21pemF0aW9uIjoibm9uZSJ9LCJ0aHVtYm5haWwiOnsiZGF0YSI6eyJwb3N0X0lEIjoiMCJ9LCJ0eXBlIjoiYXV0byJ9LCJwcm9wcyI6eyJjYWNoZWRQYWdlcyI6ImF1dG8iLCJyZW5kZXJJbmFjdGl2ZVBhZ2VzIjoiYXV0byIsInJlbmRlckluYWN0aXZlUGFnZXNPbk1vYmlsZSI6ImF1dG8iLCJyZW5kZXJXaGlsZUZsaXBwaW5nIjoiYXV0byIsInByZWxvYWRQYWdlcyI6ImF1dG8iLCJydGwiOiJhdXRvIiwiaW50ZXJhY3RpdmVDb3JuZXJzIjoiYXV0byIsInNoZWV0Ijp7InN0YXJ0VmVsb2NpdHkiOiJhdXRvIiwid2F2ZSI6ImF1dG8iLCJzaGFwZSI6ImF1dG8iLCJ3aWR0aFRleGVscyI6ImF1dG8iLCJjb2xvciI6ImF1dG8iLCJzaWRlIjoiYXV0byIsImNvcm5lckRldmlhdGlvbiI6ImF1dG8iLCJmbGV4aWJpbGl0eSI6ImF1dG8iLCJmbGV4aWJsZUNvcm5lciI6ImF1dG8iLCJiZW5kaW5nIjoiYXV0byIsImhlaWdodFRleGVscyI6ImF1dG8ifSwiY292ZXIiOnsid2F2ZSI6ImF1dG8iLCJjb2xvciI6ImF1dG8iLCJiaW5kZXJUZXh0dXJlIjoiYXV0byIsImRlcHRoIjoiYXV0byIsInBhZGRpbmciOiJhdXRvIiwic3RhcnRWZWxvY2l0eSI6ImF1dG8iLCJmbGV4aWJpbGl0eSI6ImF1dG8iLCJmbGV4aWJsZUNvcm5lciI6ImF1dG8iLCJiZW5kaW5nIjoiYXV0byIsIndpZHRoVGV4ZWxzIjoiYXV0byIsImhlaWdodFRleGVscyI6ImF1dG8iLCJtYXNzIjoiYXV0byIsInNpZGUiOiJhdXRvIiwic2hhcGUiOiJhdXRvIn0sInBhZ2UiOnsid2F2ZSI6ImF1dG8iLCJjb2xvciI6ImF1dG8iLCJkZXB0aCI6ImF1dG8iLCJzdGFydFZlbG9jaXR5IjoiYXV0byIsImZsZXhpYmlsaXR5IjoiYXV0byIsImZsZXhpYmxlQ29ybmVyIjoiYXV0byIsImJlbmRpbmciOiJhdXRvIiwid2lkdGhUZXhlbHMiOiJhdXRvIiwiaGVpZ2h0VGV4ZWxzIjoiYXV0byIsIm1hc3MiOiJhdXRvIiwic2lkZSI6ImF1dG8iLCJzaGFwZSI6ImF1dG8ifSwiaGVpZ2h0IjoiYXV0byIsIndpZHRoIjoiYXV0byIsImdyYXZpdHkiOiJhdXRvIiwicGFnZXNGb3JQcmVkaWN0aW5nIjoiYXV0byJ9LCJjb250cm9sUHJvcHMiOnsiYWN0aW9ucyI6eyJjbWRTYXZlIjp7ImVuYWJsZWQiOiJhdXRvIiwiZW5hYmxlZEluTmFycm93IjoiYXV0byJ9LCJjbWRQcmludCI6eyJlbmFibGVkIjoiYXV0byIsImVuYWJsZWRJbk5hcnJvdyI6ImF1dG8ifSwiY21kU2luZ2xlUGFnZSI6eyJlbmFibGVkIjoiYXV0byIsImVuYWJsZWRJbk5hcnJvdyI6ImF1dG8iLCJhY3RpdmUiOiJhdXRvIiwiYWN0aXZlRm9yTW9iaWxlIjoiYXV0byJ9fX0sImF1dG9UaHVtYm5haWwiOiJodHRwczpcL1wvcnl0aG1vbG9naWUuZnJcL2luZGV4XC93cC1jb250ZW50XC91cGxvYWRzXC8zZC1mbGlwLWJvb2tcL2F1dG8tdGh1bWJuYWlsc1wvMTkxNS5wbmciLCJwb3N0X25hbWUiOiIxOTE1IiwicG9zdF90eXBlIjoiM2QtZmxpcC1ib29rIn19LCJwYWdlcyI6W10sImZpcnN0UGFnZXMiOltdfQ==');window.FB3D_CLIENT_LOCALE && FB3D_CLIENT_LOCALE.render && FB3D_CLIENT_LOCALE.render();<\/script>[\/vc_column_text][\/vc_column][\/vc_row]<\/p>\n","protected":false},"excerpt":{"rendered":"<p>[vc_row][vc_column][vc_empty_space height=&#8221;60&#8243;][vc_column_text] Syncope &#8211; Diagnostic &amp; Traitement [\/vc_column_text][vc_separator color=&#8221;custom&#8221; border_width=&#8221;2&#8243; accent_color=&#8221;#e4201c&#8221;][\/vc_column][\/vc_row][vc_row][vc_column width=&#8221;1\/4&#8243;][vc_single_image image=&#8221;338&#8243; img_size=&#8221;medium&#8221; alignment=&#8221;center&#8221;][\/vc_column][vc_column width=&#8221;1\/2&#8243;][vc_empty_space height=&#8221;20 px&#8221;][\/vc_column][vc_column width=&#8221;1\/4&#8243;][\/vc_column][\/vc_row][vc_row][vc_column][vc_empty_space height=&#8221;20 px&#8221;][vc_column_text] Le sympt\u00f4me \u00ab syncope \u00bb se trouve au carrefour de pathologies tr\u00e8s vari\u00e9es dont certaines peuvent avoir un pronostic sombre si elles ne sont pas reconnues. Par sa fr\u00e9quence, le spectre tr\u00e8s large des&hellip;<\/p>\n","protected":false},"author":2,"featured_media":0,"parent":0,"menu_order":0,"comment_status":"closed","ping_status":"closed","template":"","meta":{"inline_featured_image":false,"footnotes":"","_links_to":"","_links_to_target":""},"class_list":["post-429","page","type-page","status-publish","hentry","description-off"],"_links":{"self":[{"href":"https:\/\/rythmologie.fr\/index\/wp-json\/wp\/v2\/pages\/429","targetHints":{"allow":["GET"]}}],"collection":[{"href":"https:\/\/rythmologie.fr\/index\/wp-json\/wp\/v2\/pages"}],"about":[{"href":"https:\/\/rythmologie.fr\/index\/wp-json\/wp\/v2\/types\/page"}],"author":[{"embeddable":true,"href":"https:\/\/rythmologie.fr\/index\/wp-json\/wp\/v2\/users\/2"}],"replies":[{"embeddable":true,"href":"https:\/\/rythmologie.fr\/index\/wp-json\/wp\/v2\/comments?post=429"}],"version-history":[{"count":71,"href":"https:\/\/rythmologie.fr\/index\/wp-json\/wp\/v2\/pages\/429\/revisions"}],"predecessor-version":[{"id":3635,"href":"https:\/\/rythmologie.fr\/index\/wp-json\/wp\/v2\/pages\/429\/revisions\/3635"}],"wp:attachment":[{"href":"https:\/\/rythmologie.fr\/index\/wp-json\/wp\/v2\/media?parent=429"}],"curies":[{"name":"wp","href":"https:\/\/api.w.org\/{rel}","templated":true}]}}