{"id":3824,"date":"2023-10-24T15:33:49","date_gmt":"2023-10-24T13:33:49","guid":{"rendered":"https:\/\/rythmologie.fr\/index\/?page_id=3824"},"modified":"2025-11-28T15:47:58","modified_gmt":"2025-11-28T14:47:58","slug":"editions-passees","status":"publish","type":"page","link":"https:\/\/rythmologie.fr\/index\/editions-passees\/","title":{"rendered":"Editions pass\u00e9es"},"content":{"rendered":"<p>[vc_row][vc_column][vc_custom_heading text=&#8221;Replay des \u00e9ditions pr\u00e9c\u00e9dentes&#8221; font_container=&#8221;tag:h1|text_align:center|color:%23000000&#8243; google_fonts=&#8221;font_family:Roboto%3A100%2C100italic%2C300%2C300italic%2Cregular%2Citalic%2C500%2C500italic%2C700%2C700italic%2C900%2C900italic|font_style:400%20regular%3A400%3Anormal&#8221;][vc_custom_heading text=&#8221;Retrouvez les pr\u00e9sentations des ann\u00e9es pass\u00e9es en cliquant sur les visuels&#8221; font_container=&#8221;tag:h3|text_align:center|color:%23000000&#8243; google_fonts=&#8221;font_family:Roboto%3A100%2C100italic%2C300%2C300italic%2Cregular%2Citalic%2C500%2C500italic%2C700%2C700italic%2C900%2C900italic|font_style:400%20regular%3A400%3Anormal&#8221;][\/vc_column][\/vc_row][vc_row][vc_column][vc_empty_space][\/vc_column][\/vc_row][vc_row type=&#8221;vc_default&#8221; gap=&#8221;20&#8243;][vc_column width=&#8221;1\/3&#8243; offset=&#8221;vc_col-lg-offset-0&#8243;][vc_single_image image=&#8221;5623&#8243; img_size=&#8221;211&#215;300&#8243; alignment=&#8221;center&#8221; onclick=&#8221;custom_link&#8221; img_link_target=&#8221;_blank&#8221; link=&#8221;http:\/\/replay.congres-rythmo.com\/2024&#8243;][vc_column_text css=&#8221;.vc_custom_1764341249799{border-bottom-width: 1px !important;border-radius: 1px !important;}&#8221;]<\/p>\n<p style=\"text-align: center;\"><a class=\"btn-flyer\" href=\"https:\/\/replay.congres-rythmo.com\/2025\/\" target=\"_blank\" rel=\"noopener\">25es Journ\u00e9es de Rythmologie | 2025<\/a><\/p>\n<p>[\/vc_column_text][vc_empty_space][\/vc_column][vc_column width=&#8221;1\/3&#8243;][vc_single_image image=&#8221;4828&#8243; img_size=&#8221;211&#215;300&#8243; alignment=&#8221;center&#8221; onclick=&#8221;custom_link&#8221; img_link_target=&#8221;_blank&#8221; link=&#8221;http:\/\/replay.congres-rythmo.com\/2024&#8243;][vc_column_text css=&#8221;.vc_custom_1760610042665{border-bottom-width: 1px !important;border-radius: 1px !important;}&#8221;]<\/p>\n<p style=\"text-align: center;\"><a class=\"btn-flyer\" href=\"http:\/\/replay.congres-rythmo.com\/2024\" target=\"_blank\" rel=\"noopener\">25es Journ\u00e9es de Rythmologie | 2024<\/a><\/p>\n<p>[\/vc_column_text][vc_empty_space][\/vc_column][vc_column width=&#8221;1\/3&#8243;][vc_single_image image=&#8221;4135&#8243; img_size=&#8221;211&#215;300&#8243; alignment=&#8221;center&#8221; onclick=&#8221;custom_link&#8221; img_link_target=&#8221;_blank&#8221; link=&#8221;https:\/\/presentations.congres-rythmo.com\/2023\/&#8221;][vc_column_text css=&#8221;.vc_custom_1705921447854{border-bottom-width: 1px !important;border-radius: 1px !important;}&#8221;]<\/p>\n<p style=\"text-align: center;\"><a class=\"btn-flyer\" href=\"https:\/\/presentations.congres-rythmo.com\/2023\/\" target=\"_blank\" rel=\"noopener\">24es Journ\u00e9es de Rythmologie | 2023<\/a><\/p>\n<p>[\/vc_column_text][vc_empty_space][\/vc_column][\/vc_row][vc_row type=&#8221;vc_default&#8221; gap=&#8221;20&#8243; disable_element=&#8221;yes&#8221;][vc_column width=&#8221;1\/3&#8243; offset=&#8221;vc_col-lg-offset-0&#8243;][vc_single_image image=&#8221;4828&#8243; img_size=&#8221;211&#215;300&#8243; alignment=&#8221;center&#8221; onclick=&#8221;custom_link&#8221; img_link_target=&#8221;_blank&#8221; link=&#8221;http:\/\/replay.congres-rythmo.com\/2024&#8243;][vc_column_text css=&#8221;.vc_custom_1760610042665{border-bottom-width: 1px !important;border-radius: 1px !important;}&#8221;]<\/p>\n<p style=\"text-align: center;\"><a class=\"btn-flyer\" href=\"http:\/\/replay.congres-rythmo.com\/2024\" target=\"_blank\" rel=\"noopener\">25es Journ\u00e9es de Rythmologie | 2024<\/a><\/p>\n<p>[\/vc_column_text][vc_empty_space][\/vc_column][vc_column width=&#8221;1\/3&#8243;][vc_single_image image=&#8221;4135&#8243; img_size=&#8221;211&#215;300&#8243; alignment=&#8221;center&#8221; onclick=&#8221;custom_link&#8221; img_link_target=&#8221;_blank&#8221; link=&#8221;https:\/\/presentations.congres-rythmo.com\/2023\/&#8221;][vc_column_text css=&#8221;.vc_custom_1705921447854{border-bottom-width: 1px !important;border-radius: 1px !important;}&#8221;]<\/p>\n<p style=\"text-align: center;\"><a class=\"btn-flyer\" href=\"https:\/\/presentations.congres-rythmo.com\/2023\/\" target=\"_blank\" rel=\"noopener\">24es Journ\u00e9es de Rythmologie | 2023<\/a><\/p>\n<p>[\/vc_column_text][vc_empty_space][\/vc_column][vc_column width=&#8221;1\/3&#8243;][vc_single_image image=&#8221;3828&#8243; img_size=&#8221;211&#215;300&#8243; alignment=&#8221;center&#8221; onclick=&#8221;custom_link&#8221; img_link_target=&#8221;_blank&#8221; link=&#8221;https:\/\/presentations.congres-rythmo.com\/2021\/&#8221;][vc_column_text css=&#8221;.vc_custom_1705921462130{border-radius: 1px !important;}&#8221;]<\/p>\n<p style=\"text-align: center;\"><a class=\"btn-flyer\" href=\"https:\/\/presentations.congres-rythmo.com\/2021\/\" target=\"_blank\" rel=\"noopener\">22es Journ\u00e9es de Rythmologie | 2021<\/a><\/p>\n<p>[\/vc_column_text][vc_empty_space][\/vc_column][\/vc_row]<\/p>\n","protected":false},"excerpt":{"rendered":"<p>[vc_row][vc_column][vc_custom_heading text=&#8221;Replay des \u00e9ditions pr\u00e9c\u00e9dentes&#8221; font_container=&#8221;tag:h1|text_align:center|color:%23000000&#8243; google_fonts=&#8221;font_family:Roboto%3A100%2C100italic%2C300%2C300italic%2Cregular%2Citalic%2C500%2C500italic%2C700%2C700italic%2C900%2C900italic|font_style:400%20regular%3A400%3Anormal&#8221;][vc_custom_heading text=&#8221;Retrouvez les pr\u00e9sentations des ann\u00e9es pass\u00e9es en cliquant sur les visuels&#8221; font_container=&#8221;tag:h3|text_align:center|color:%23000000&#8243; google_fonts=&#8221;font_family:Roboto%3A100%2C100italic%2C300%2C300italic%2Cregular%2Citalic%2C500%2C500italic%2C700%2C700italic%2C900%2C900italic|font_style:400%20regular%3A400%3Anormal&#8221;][\/vc_column][\/vc_row][vc_row][vc_column][vc_empty_space][\/vc_column][\/vc_row][vc_row type=&#8221;vc_default&#8221; gap=&#8221;20&#8243;][vc_column width=&#8221;1\/3&#8243; offset=&#8221;vc_col-lg-offset-0&#8243;][vc_single_image image=&#8221;5623&#8243; img_size=&#8221;211&#215;300&#8243; alignment=&#8221;center&#8221; onclick=&#8221;custom_link&#8221; img_link_target=&#8221;_blank&#8221; link=&#8221;http:\/\/replay.congres-rythmo.com\/2024&#8243;][vc_column_text css=&#8221;.vc_custom_1764341249799{border-bottom-width: 1px !important;border-radius: 1px !important;}&#8221;] 25es Journ\u00e9es de Rythmologie | 2025 [\/vc_column_text][vc_empty_space][\/vc_column][vc_column width=&#8221;1\/3&#8243;][vc_single_image image=&#8221;4828&#8243; img_size=&#8221;211&#215;300&#8243; alignment=&#8221;center&#8221; onclick=&#8221;custom_link&#8221; img_link_target=&#8221;_blank&#8221; link=&#8221;http:\/\/replay.congres-rythmo.com\/2024&#8243;][vc_column_text css=&#8221;.vc_custom_1760610042665{border-bottom-width: 1px !important;border-radius: 1px !important;}&#8221;] 25es&hellip;<\/p>\n","protected":false},"author":1,"featured_media":0,"parent":0,"menu_order":0,"comment_status":"closed","ping_status":"closed","template":"","meta":{"inline_featured_image":false,"footnotes":"","_links_to":"","_links_to_target":""},"class_list":["post-3824","page","type-page","status-publish","hentry","description-off"],"_links":{"self":[{"href":"https:\/\/rythmologie.fr\/index\/wp-json\/wp\/v2\/pages\/3824","targetHints":{"allow":["GET"]}}],"collection":[{"href":"https:\/\/rythmologie.fr\/index\/wp-json\/wp\/v2\/pages"}],"about":[{"href":"https:\/\/rythmologie.fr\/index\/wp-json\/wp\/v2\/types\/page"}],"author":[{"embeddable":true,"href":"https:\/\/rythmologie.fr\/index\/wp-json\/wp\/v2\/users\/1"}],"replies":[{"embeddable":true,"href":"https:\/\/rythmologie.fr\/index\/wp-json\/wp\/v2\/comments?post=3824"}],"version-history":[{"count":28,"href":"https:\/\/rythmologie.fr\/index\/wp-json\/wp\/v2\/pages\/3824\/revisions"}],"predecessor-version":[{"id":6172,"href":"https:\/\/rythmologie.fr\/index\/wp-json\/wp\/v2\/pages\/3824\/revisions\/6172"}],"wp:attachment":[{"href":"https:\/\/rythmologie.fr\/index\/wp-json\/wp\/v2\/media?parent=3824"}],"curies":[{"name":"wp","href":"https:\/\/api.w.org\/{rel}","templated":true}]}}