{"id":2900,"date":"2022-12-22T17:17:39","date_gmt":"2022-12-22T16:17:39","guid":{"rendered":"https:\/\/rythmologie.fr\/?page_id=2900"},"modified":"2025-10-16T16:08:26","modified_gmt":"2025-10-16T14:08:26","slug":"mentions-legales","status":"publish","type":"page","link":"https:\/\/rythmologie.fr\/index\/mentions-legales\/","title":{"rendered":"Mentions l\u00e9gales"},"content":{"rendered":"<p>[vc_row][vc_column]<div id=\"ultimate-heading-194469dbfd590b1ab\" class=\"uvc-heading ult-adjust-bottom-margin ultimate-heading-194469dbfd590b1ab uvc-3862 \" data-hspacer=\"no_spacer\"  data-halign=\"left\" style=\"text-align:left\"><div class=\"uvc-heading-spacer no_spacer\" style=\"top\"><\/div><div class=\"uvc-main-heading ult-responsive\"  data-ultimate-target='.uvc-heading.ultimate-heading-194469dbfd590b1ab h2'  data-responsive-json-new='{\"font-size\":\"desktop:32px;\",\"line-height\":\"desktop:32px;\"}' ><h2 style=\"--font-weight:theme;color:#e51d15;\">MENTIONS L\u00c9GALES<\/h2><\/div><\/div>[vc_empty_space height=&#8221;20px&#8221;][vc_column_text]<\/p>\n<p style=\"text-align: justify;\">Le site Internet est constitu\u00e9 des pages accessibles \u00e0 l\u2019adresse https:\/\/www.sfcardio.fr\/ (ci-apr\u00e8s le \u00ab Site \u00bb) et est \u00e9dit\u00e9 par la Soci\u00e9t\u00e9 Fran\u00e7aise de Cardiologie (ci-apr\u00e8s la \u00ab SFC \u00bb),association r\u00e9gie par la loi du 1er juillet 1901 dont le pr\u00e9sident est le Professeur Ariel Cohen.<\/p>\n<p>[\/vc_column_text][vc_empty_space]<div id=\"ultimate-heading-314069dbfd590b1fd\" class=\"uvc-heading ult-adjust-bottom-margin ultimate-heading-314069dbfd590b1fd uvc-8127 \" data-hspacer=\"no_spacer\"  data-halign=\"left\" style=\"text-align:left\"><div class=\"uvc-heading-spacer no_spacer\" style=\"top\"><\/div><div class=\"uvc-main-heading ult-responsive\"  data-ultimate-target='.uvc-heading.ultimate-heading-314069dbfd590b1fd h4'  data-responsive-json-new='{\"font-size\":\"desktop:24px;\",\"line-height\":\"desktop:24px;\"}' ><h4 style=\"--font-weight:theme;color:#000000;\">Comit\u00e9 de r\u00e9daction :<\/h4><\/div><\/div>[vc_empty_space height=&#8221;20px&#8221;][vc_column_text]<\/p>\n<p style=\"text-align: justify;\">La r\u00e9daction des pages du Site est assur\u00e9e par le service communication et le Bureau de la SFC.<\/p>\n<p>[\/vc_column_text][vc_empty_space]<div id=\"ultimate-heading-384169dbfd590b236\" class=\"uvc-heading ult-adjust-bottom-margin ultimate-heading-384169dbfd590b236 uvc-4334 \" data-hspacer=\"no_spacer\"  data-halign=\"left\" style=\"text-align:left\"><div class=\"uvc-heading-spacer no_spacer\" style=\"top\"><\/div><div class=\"uvc-main-heading ult-responsive\"  data-ultimate-target='.uvc-heading.ultimate-heading-384169dbfd590b236 h4'  data-responsive-json-new='{\"font-size\":\"desktop:24px;\",\"line-height\":\"desktop:24px;\"}' ><h4 style=\"--font-weight:theme;color:#000000;\">Contact :<\/h4><\/div><\/div>[vc_empty_space height=&#8221;20px&#8221;][vc_column_text]<\/p>\n<p style=\"text-align: justify;\">Soci\u00e9t\u00e9 Fran\u00e7aise de Cardiologie<br \/>\n5 rue des Colonnes du Tr\u00f4ne, 75012, Paris<\/p>\n<ul>\n<li style=\"text-align: justify;\">T\u00e9l : 01 43 22 33 33 \u2013 fax : 01 43 22 63 61<\/li>\n<li style=\"text-align: justify;\">Email :\u00a0<a href=\"mailto:contact@sfcardio.fr\">contact@sfcardio.fr<\/a><\/li>\n<li style=\"text-align: justify;\">TVA INTRACOMMUNAUTAIRE : FR35 784 287 914<\/li>\n<li style=\"text-align: justify;\">Webmaster :\u00a0<a href=\"mailto:communication@sfcardio.fr\">communication@sfcardio.fr<\/a><\/li>\n<li style=\"text-align: justify;\">DPO :\u00a0<a href=\"mailto:DPOsfc@sfcardio.fr\">DPOsfc@sfcardio.fr<\/a><\/li>\n<\/ul>\n<p>[\/vc_column_text][vc_empty_space][\/vc_column][\/vc_row][vc_row][vc_column]<div id=\"ultimate-heading-424369dbfd590b26a\" class=\"uvc-heading ult-adjust-bottom-margin ultimate-heading-424369dbfd590b26a uvc-3850 \" data-hspacer=\"no_spacer\"  data-halign=\"left\" style=\"text-align:left\"><div class=\"uvc-heading-spacer no_spacer\" style=\"top\"><\/div><div class=\"uvc-main-heading ult-responsive\"  data-ultimate-target='.uvc-heading.ultimate-heading-424369dbfd590b26a h4'  data-responsive-json-new='{\"font-size\":\"desktop:24px;\",\"line-height\":\"desktop:24px;\"}' ><h4 style=\"--font-weight:theme;color:#000000;\">H\u00e9bergement :<\/h4><\/div><\/div>[vc_empty_space height=&#8221;20px&#8221;][vc_column_text]L\u2019h\u00e9bergement du site est r\u00e9alis\u00e9 par la soci\u00e9t\u00e9 OVH. Le serveur h\u00e9bergeant le site Internet est situ\u00e9 sur le site de Gravelines, dans la ZIP des Huttes, 59820 Gravelines (<a href=\"https:\/\/www.google.com\/maps\/place\/OVHcloud\/@51.0152298,2.1574464,15z\/data=!4m5!3m4!1s0x0:0x36cc9e282c2aa563!8m2!3d51.0165733!4d2.1550872\" target=\"_blank\" rel=\"noopener\">voir sur une carte<\/a>).[\/vc_column_text][vc_empty_space]<div id=\"ultimate-heading-631469dbfd590b29e\" class=\"uvc-heading ult-adjust-bottom-margin ultimate-heading-631469dbfd590b29e uvc-2051 \" data-hspacer=\"no_spacer\"  data-halign=\"left\" style=\"text-align:left\"><div class=\"uvc-heading-spacer no_spacer\" style=\"top\"><\/div><div class=\"uvc-main-heading ult-responsive\"  data-ultimate-target='.uvc-heading.ultimate-heading-631469dbfd590b29e h4'  data-responsive-json-new='{\"font-size\":\"desktop:24px;\",\"line-height\":\"desktop:24px;\"}' ><h4 style=\"--font-weight:theme;color:#e51d15;\">Conditions d\u2019utilisation<\/h4><\/div><\/div>[vc_empty_space height=&#8221;20px&#8221;][vc_column_text]<\/p>\n<h4><b>Responsabilit\u00e9 :<\/b><\/h4>\n<p><span style=\"font-weight: 400;\">Le Site de la SFC comporte des informations mises \u00e0 disposition par des personnes physiques et\/ou morales externes ou encore des liens hypertextes vers d\u2019autres sites Internet ou blogs qui n\u2019ont pas \u00e9t\u00e9 d\u00e9velopp\u00e9s par la Soci\u00e9t\u00e9 Fran\u00e7aise de Cardiologie. Le contenu mis \u00e0 disposition sur le Site de la SFC est fourni \u00e0 titre informatif. L\u2019existence d\u2019un lien de ce Site vers un autre site Internet ne constitue pas une validation de ce site Internet ou de son contenu. Il appartient \u00e0 l\u2019internaute d\u2019utiliser ces informations avec discernement et esprit critique. La responsabilit\u00e9 de la SFC ne saurait \u00eatre engag\u00e9e du fait des informations, des opinions et des recommandations formul\u00e9es par des tiers.<\/span><\/p>\n<p><span style=\"font-weight: 400;\">L\u2019utilisation du Site se fait \u00e0 vos propres risques. Bien que la SFC s\u2019efforce d\u2019assurer au mieux l\u2019exactitude des informations diffus\u00e9es, la SFC ne peut garantir l\u2019exactitude, la v\u00e9racit\u00e9 ou la compl\u00e9tude des informations post\u00e9es sur le Site et\/ou \u00e0 propos des commentaires que ces informations peuvent susciter.<\/span><\/p>\n<p><span style=\"font-weight: 400;\">Par cons\u00e9quent, la Soci\u00e9t\u00e9 Fran\u00e7aise de Cardiologie exclut toute responsabilit\u00e9 pour n\u2019importe quel pr\u00e9judice caus\u00e9 directement et\/ou indirectement, de quelque fa\u00e7on que ce soit, du fait de l\u2019utilisation du site. Notamment, la SFC ne sera en aucun cas responsable d\u2019un quelconque pr\u00e9judice, caus\u00e9 par :<\/span><\/p>\n<ul>\n<li style=\"font-weight: 400;\" aria-level=\"1\"><span style=\"font-weight: 400;\">Des faits et actions des tiers ;<\/span><\/li>\n<li style=\"font-weight: 400;\" aria-level=\"1\"><span style=\"font-weight: 400;\">L\u2019impossibilit\u00e9 d\u2019utiliser le site ;<\/span><\/li>\n<li style=\"font-weight: 400;\" aria-level=\"1\"><span style=\"font-weight: 400;\">L\u2019utilisation irr\u00e9guli\u00e8re du site et\/ou des syst\u00e8mes informatiques de la SFC par un tiers.<\/span><\/li>\n<\/ul>\n<h4><b>\u00a0<\/b><\/h4>\n<h4><b>Propri\u00e9t\u00e9 intellectuelle :<\/b><\/h4>\n<p><span style=\"font-weight: 400;\">L\u2019ensemble de ce Site est r\u00e9gi par la l\u00e9gislation fran\u00e7aise sur le droit d\u2019auteur et la propri\u00e9t\u00e9 intellectuelle. Le contenu du Site, incluant, de fa\u00e7on non limitative, les images, graphismes, textes, vid\u00e9os, logos, et ic\u00f4nes sont la propri\u00e9t\u00e9 exclusive de la Soci\u00e9t\u00e9 Fran\u00e7aise de Cardiologie \u00e0 l\u2019exception des marques, logos ou contenus appartenant \u00e0 d\u2019autres soci\u00e9t\u00e9s, partenaires ou auteurs.<\/span><\/p>\n<p><span style=\"font-weight: 400;\">La reproduction, la repr\u00e9sentation, le transfert, la distribution, ou l\u2019enregistrement de tout ou partie de ces \u00e9l\u00e9ments est formellement interdite sans l\u2019autorisation expresse de la SFC, sinon elle constituerait une contrefa\u00e7on sanctionn\u00e9e par les articles L335-2 et suivants du Code de la propri\u00e9t\u00e9 intellectuelle.<\/span><\/p>\n<h4><b>\u00a0<\/b><\/h4>\n<h4><b>Cookies :<\/b><\/h4>\n<p><span style=\"font-weight: 400;\">Afin d\u2019am\u00e9liorer et de personnaliser la navigation sur le Site, des cookies peuvent \u00eatre d\u00e9pos\u00e9s sur votre ordinateur.<\/span><\/p>\n<p><span style=\"font-weight: 400;\">Les cookies que nous utilisons sont les suivants :<\/span><\/p>\n<ul>\n<li style=\"font-weight: 400;\" aria-level=\"1\"><span style=\"font-weight: 400;\">_ga<\/span><\/li>\n<li style=\"font-weight: 400;\" aria-level=\"1\"><span style=\"font-weight: 400;\">_gat_gtag_UA_21749943_1<\/span><\/li>\n<li style=\"font-weight: 400;\" aria-level=\"1\"><span style=\"font-weight: 400;\">_gid<\/span><\/li>\n<li style=\"font-weight: 400;\" aria-level=\"1\"><span style=\"font-weight: 400;\">cookie-agreed<\/span><\/li>\n<li style=\"font-weight: 400;\" aria-level=\"1\"><span style=\"font-weight: 400;\">IDE<\/span><\/li>\n<\/ul>\n<p><span style=\"font-weight: 400;\">Pour en savoir plus sur le fonctionnement des cookies, nous vous invitons \u00e0 lire cette page sur le site de la CNIL : <\/span><a href=\"https:\/\/www.cnil.fr\/fr\/site-web-cookies-et-autres-traceurs\"><span style=\"font-weight: 400;\">https:\/\/www.cnil.fr\/fr\/site-web-cookies-et-autres-traceurs<\/span><\/a><\/p>\n<h4><b>\u00a0<\/b><\/h4>\n<h4><b>Politique de confidentialit\u00e9 :<\/b><\/h4>\n<p><span style=\"font-weight: 400;\">Pour savoir comment nous traitons vos donn\u00e9es \u00e0 caract\u00e8re personnel, veuillez-vous r\u00e9f\u00e9rer \u00e0 notre Politique de confidentialit\u00e9 qui d\u00e9crit en d\u00e9tail notre politique et nos pratiques concernant la collecte, l\u2019utilisation et la divulgation de vos donn\u00e9es personnelles.<\/span><\/p>\n<p><span style=\"font-weight: 400;\">La derni\u00e8re mise \u00e0 jour de la pr\u00e9sente Politique de confidentialit\u00e9 a \u00e9t\u00e9 effectu\u00e9e le 06\/09\/2021 et est accessible \u00e0 l\u2019adresse suivante : <\/span><a href=\"https:\/\/www.sfcardio.fr\/sites\/default\/files\/2021-09\/Politique_de_confidentialit%C3%A9_06092021.pdf\"><span style=\"font-weight: 400;\">Voir\/T\u00e9l\u00e9charger le document<\/span><\/a><\/p>\n<p><span style=\"font-weight: 400;\">\u00a0<\/span><\/p>\n<h4><b>Charte \u00e9thique :<\/b><\/h4>\n<p><span style=\"font-weight: 400;\">Les informations m\u00e9dicales pr\u00e9sentes sur le Site ne remplacent en aucun cas une consultation m\u00e9dicale et ne peuvent servir \u00e0 \u00e9tablir un diagnostic ou un traitement. Ces informations sont destin\u00e9es \u00e0 am\u00e9liorer, non \u00e0 remplacer la relation qui existe entre le patient et son m\u00e9decin.<\/span><\/p>\n<h4 class=\"text-align-justify\"><\/h4>\n<p>[\/vc_column_text][vc_empty_space height=&#8221;20px&#8221;][\/vc_column][\/vc_row]<\/p>\n","protected":false},"excerpt":{"rendered":"<p>[vc_row][vc_column][vc_empty_space height=&#8221;20px&#8221;][vc_column_text] Le site Internet est constitu\u00e9 des pages accessibles \u00e0 l\u2019adresse https:\/\/www.sfcardio.fr\/ (ci-apr\u00e8s le \u00ab Site \u00bb) et est \u00e9dit\u00e9 par la Soci\u00e9t\u00e9 Fran\u00e7aise de Cardiologie (ci-apr\u00e8s la \u00ab SFC \u00bb),association r\u00e9gie par la loi du 1er juillet 1901 dont le pr\u00e9sident est le Professeur Ariel Cohen. [\/vc_column_text][vc_empty_space][vc_empty_space height=&#8221;20px&#8221;][vc_column_text] La r\u00e9daction des pages du&hellip;<\/p>\n","protected":false},"author":2,"featured_media":0,"parent":0,"menu_order":0,"comment_status":"closed","ping_status":"closed","template":"","meta":{"inline_featured_image":false,"footnotes":"","_links_to":"","_links_to_target":""},"class_list":["post-2900","page","type-page","status-publish","hentry","description-off"],"_links":{"self":[{"href":"https:\/\/rythmologie.fr\/index\/wp-json\/wp\/v2\/pages\/2900","targetHints":{"allow":["GET"]}}],"collection":[{"href":"https:\/\/rythmologie.fr\/index\/wp-json\/wp\/v2\/pages"}],"about":[{"href":"https:\/\/rythmologie.fr\/index\/wp-json\/wp\/v2\/types\/page"}],"author":[{"embeddable":true,"href":"https:\/\/rythmologie.fr\/index\/wp-json\/wp\/v2\/users\/2"}],"replies":[{"embeddable":true,"href":"https:\/\/rythmologie.fr\/index\/wp-json\/wp\/v2\/comments?post=2900"}],"version-history":[{"count":13,"href":"https:\/\/rythmologie.fr\/index\/wp-json\/wp\/v2\/pages\/2900\/revisions"}],"predecessor-version":[{"id":6139,"href":"https:\/\/rythmologie.fr\/index\/wp-json\/wp\/v2\/pages\/2900\/revisions\/6139"}],"wp:attachment":[{"href":"https:\/\/rythmologie.fr\/index\/wp-json\/wp\/v2\/media?parent=2900"}],"curies":[{"name":"wp","href":"https:\/\/api.w.org\/{rel}","templated":true}]}}