{"id":2112,"date":"2022-09-27T10:02:26","date_gmt":"2022-09-27T08:02:26","guid":{"rendered":"https:\/\/rythmologie.fr\/v2\/?page_id=2112"},"modified":"2022-11-04T15:56:11","modified_gmt":"2022-11-04T14:56:11","slug":"newsletter-2","status":"publish","type":"page","link":"https:\/\/rythmologie.fr\/index\/newsletter-2\/","title":{"rendered":"newsletter"},"content":{"rendered":"<p>[vc_row][vc_column css=&#8221;.vc_custom_1667564614439{border-bottom-width: -20px !important;}&#8221;]<div id=\"ultimate-heading-365169f0d103c4993\" class=\"uvc-heading ult-adjust-bottom-margin ultimate-heading-365169f0d103c4993 uvc-1916 \" data-hspacer=\"no_spacer\"  data-halign=\"center\" style=\"text-align:center\"><div class=\"uvc-heading-spacer no_spacer\" style=\"top\"><\/div><div class=\"uvc-main-heading ult-responsive\"  data-ultimate-target='.uvc-heading.ultimate-heading-365169f0d103c4993 h5'  data-responsive-json-new='{\"font-size\":\"desktop:28px;\",\"line-height\":\"desktop:28px;\"}' ><h5 style=\"font-weight:bold;color:#e42925;margin-bottom:30px;\">Newsletter du Groupe de Rythmologie et de Stimulation Cardiaque de la SFC<\/h5><\/div><\/div>[vc_row_inner][vc_column_inner css=&#8221;.vc_custom_1667564945661{margin-bottom: -18px !important;}&#8221;]<div id=\"ultimate-heading-941369f0d103c4cdb\" class=\"uvc-heading ult-adjust-bottom-margin ultimate-heading-941369f0d103c4cdb uvc-1658 \" data-hspacer=\"line_with_icon\" data-hline_width=\"auto\" data-hicon_type=\"selector\" data-hborder_style=\"solid\" data-hborder_height=\"1\" data-hborder_color=\"#000000\" data-icon_width=\"32\" data-hfixer=\"10\"  data-halign=\"center\" style=\"text-align:center\"><div class=\"uvc-heading-spacer line_with_icon\" style=\"topheight:32px;\"><div class=\"ult-just-icon-wrapper  \"><div class=\"align-icon\" style=\"text-align:center;\">\n<div class=\"aio-icon none \"  style=\"color:#e42925;font-size:32px;display:inline-block;\">\n\t<i class=\"icomoon-the7-font-the7-mail-01\"><\/i>\n<\/div><\/div><\/div><\/div><\/div>[\/vc_column_inner][\/vc_row_inner][\/vc_column][\/vc_row][vc_row type=&#8221;1&#8243;][vc_column css=&#8221;.vc_custom_1667564914970{border-top-width: -60px !important;}&#8221;][vc_empty_space]<div id=\"ultimate-heading-325169f0d103c4d4d\" class=\"uvc-heading ult-adjust-bottom-margin ultimate-heading-325169f0d103c4d4d uvc-5694 \" data-hspacer=\"no_spacer\"  data-halign=\"center\" style=\"text-align:center\"><div class=\"uvc-heading-spacer no_spacer\" style=\"top\"><\/div><div class=\"uvc-main-heading ult-responsive\"  data-ultimate-target='.uvc-heading.ultimate-heading-325169f0d103c4d4d p'  data-responsive-json-new='{\"font-size\":\"desktop:20px;\",\"line-height\":\"desktop:20px;\"}' ><p style=\"font-weight:bold;color:rgba(0,0,0,0.4);margin-bottom:30px;\">Inscrivez-vous et d\u00e9couvrez les derni\u00e8res actualit\u00e9s phares du secteur<\/p><\/div><\/div>[vc_empty_space]\n<div class=\"wpcf7 no-js\" id=\"wpcf7-f2111-o1\" lang=\"fr-FR\" dir=\"ltr\" data-wpcf7-id=\"2111\">\n<div class=\"screen-reader-response\"><p role=\"status\" aria-live=\"polite\" aria-atomic=\"true\"><\/p> <ul><\/ul><\/div>\n<form action=\"\/index\/wp-json\/wp\/v2\/pages\/2112#wpcf7-f2111-o1\" method=\"post\" class=\"wpcf7-form init\" aria-label=\"Formulaire de contact\" novalidate=\"novalidate\" data-status=\"init\">\n<fieldset class=\"hidden-fields-container\"><input type=\"hidden\" name=\"_wpcf7\" value=\"2111\" \/><input type=\"hidden\" name=\"_wpcf7_version\" value=\"6.1.5\" \/><input type=\"hidden\" name=\"_wpcf7_locale\" value=\"fr_FR\" \/><input type=\"hidden\" name=\"_wpcf7_unit_tag\" value=\"wpcf7-f2111-o1\" \/><input type=\"hidden\" name=\"_wpcf7_container_post\" value=\"0\" \/><input type=\"hidden\" name=\"_wpcf7_posted_data_hash\" value=\"\" \/>\n<\/fieldset>\n<p><span class=\"wpcf7-form-control-wrap\" data-name=\"civilite\"><input size=\"40\" maxlength=\"400\" class=\"wpcf7-form-control wpcf7-text wpcf7-validates-as-required\" aria-required=\"true\" aria-invalid=\"false\" placeholder=\"Civilit\u00e9\" value=\"\" type=\"text\" name=\"civilite\" \/><\/span><br \/>\n<span class=\"wpcf7-form-control-wrap\" data-name=\"nom\"><input size=\"40\" maxlength=\"400\" class=\"wpcf7-form-control wpcf7-text wpcf7-validates-as-required\" aria-required=\"true\" aria-invalid=\"false\" placeholder=\"Nom\" value=\"\" type=\"text\" name=\"nom\" \/><\/span><br \/>\n<span class=\"wpcf7-form-control-wrap\" data-name=\"prenom\"><input size=\"40\" maxlength=\"400\" class=\"wpcf7-form-control wpcf7-text wpcf7-validates-as-required\" aria-required=\"true\" aria-invalid=\"false\" placeholder=\"Pr\u00e9nom\" value=\"\" type=\"text\" name=\"prenom\" \/><\/span><br \/>\n<span class=\"wpcf7-form-control-wrap\" data-name=\"Email\"><input size=\"40\" maxlength=\"400\" class=\"wpcf7-form-control wpcf7-email wpcf7-validates-as-required wpcf7-text wpcf7-validates-as-email\" aria-required=\"true\" aria-invalid=\"false\" placeholder=\"Email\" value=\"\" type=\"email\" name=\"Email\" \/><\/span>\n<\/p>\n<p><span class=\"wpcf7-form-control-wrap\" data-name=\"checkbox-645\"><span class=\"wpcf7-form-control wpcf7-checkbox wpcf7-validates-as-required\"><span class=\"wpcf7-list-item first last\"><input type=\"checkbox\" name=\"checkbox-645[]\" value=\"En cochant cette case vous acceptez de recevoir des communications personnalis\u00e9es et des newsletters de la part de la SFC\" \/><span class=\"wpcf7-list-item-label\">En cochant cette case vous acceptez de recevoir des communications personnalis\u00e9es et des newsletters de la part de la SFC<\/span><\/span><\/span><\/span>\n<\/p>\n<p><input class=\"wpcf7-form-control wpcf7-submit has-spinner\" type=\"submit\" value=\"S\u2019inscrire \u00e0 la newsletter\" \/>\n<\/p><div class=\"wpcf7-response-output\" aria-hidden=\"true\"><\/div>\n<\/form>\n<\/div>\n[vc_empty_space][\/vc_column][\/vc_row]<\/p>\n","protected":false},"excerpt":{"rendered":"<p>[vc_row][vc_column css=&#8221;.vc_custom_1667564614439{border-bottom-width: -20px !important;}&#8221;][vc_row_inner][vc_column_inner css=&#8221;.vc_custom_1667564945661{margin-bottom: -18px !important;}&#8221;][\/vc_column_inner][\/vc_row_inner][\/vc_column][\/vc_row][vc_row type=&#8221;1&#8243;][vc_column css=&#8221;.vc_custom_1667564914970{border-top-width: -60px !important;}&#8221;][vc_empty_space][vc_empty_space][vc_empty_space][\/vc_column][\/vc_row]<\/p>\n","protected":false},"author":1,"featured_media":0,"parent":0,"menu_order":0,"comment_status":"closed","ping_status":"closed","template":"","meta":{"inline_featured_image":false,"footnotes":"","_links_to":"","_links_to_target":""},"class_list":["post-2112","page","type-page","status-publish","hentry","description-off"],"_links":{"self":[{"href":"https:\/\/rythmologie.fr\/index\/wp-json\/wp\/v2\/pages\/2112","targetHints":{"allow":["GET"]}}],"collection":[{"href":"https:\/\/rythmologie.fr\/index\/wp-json\/wp\/v2\/pages"}],"about":[{"href":"https:\/\/rythmologie.fr\/index\/wp-json\/wp\/v2\/types\/page"}],"author":[{"embeddable":true,"href":"https:\/\/rythmologie.fr\/index\/wp-json\/wp\/v2\/users\/1"}],"replies":[{"embeddable":true,"href":"https:\/\/rythmologie.fr\/index\/wp-json\/wp\/v2\/comments?post=2112"}],"version-history":[{"count":11,"href":"https:\/\/rythmologie.fr\/index\/wp-json\/wp\/v2\/pages\/2112\/revisions"}],"predecessor-version":[{"id":2539,"href":"https:\/\/rythmologie.fr\/index\/wp-json\/wp\/v2\/pages\/2112\/revisions\/2539"}],"wp:attachment":[{"href":"https:\/\/rythmologie.fr\/index\/wp-json\/wp\/v2\/media?parent=2112"}],"curies":[{"name":"wp","href":"https:\/\/api.w.org\/{rel}","templated":true}]}}