{"id":186,"date":"2022-05-19T10:20:04","date_gmt":"2022-05-19T08:20:04","guid":{"rendered":"https:\/\/rythmologie.fr\/?page_id=186"},"modified":"2026-01-21T16:09:20","modified_gmt":"2026-01-21T15:09:20","slug":"gouvernance","status":"publish","type":"page","link":"https:\/\/rythmologie.fr\/index\/gouvernance\/","title":{"rendered":"GOUVERNANCE"},"content":{"rendered":"<p>[vc_row][vc_column][vc_column_text]<span dir=\"auto\" style=\"vertical-align: inherit;\"><span dir=\"auto\" style=\"vertical-align: inherit;\">[\/vc_column_text][\/vc_column][\/vc_row][vc_row][vc_column][vc_wp_custommenu nav_menu=&#8221;5&#8243; el_class=&#8221;sous-menu-president&#8221;][vc_separator color=&#8221;custom&#8221; border_width=&#8221;2&#8243; accent_color=&#8221;#e4201c&#8221;][vc_row_inner][vc_column_inner width=&#8221;5\/6&#8243;][vc_column_text]<\/span><\/span><\/p>\n<h5><span style=\"color: #7195d1;\"><span dir=\"auto\" style=\"vertical-align: inherit;\"><span dir=\"auto\" style=\"vertical-align: inherit;\">LE COMIT\u00c9 DE DIRECTION<\/span><\/span><\/span><\/h5>\n<p><span dir=\"auto\" style=\"vertical-align: inherit;\"><span dir=\"auto\" style=\"vertical-align: inherit;\">[\/vc_column_text][\/vc_column_inner][\/vc_row_inner][\/vc_column][\/vc_row][vc_row type=&#8221;vc_default&#8221;][vc_column][vc_empty_space height=&#8221;50px&#8221;][\/vc_column][\/vc_row][vc_row type=&#8221;vc_default&#8221;][vc_column width=&#8221;1\/3&#8243; css=&#8221;.vc_custom_1769001587638{margin: 0px !important;padding: 0px !important;border: 0px initial !important;}&#8221;][vc_row_inner css=&#8221;.vc_custom_1769001514976{margin-top: 0px !important;margin-right: 0px !important;margin-bottom: 0px !important;margin-left: 0px !important;padding-top: 0px !important;padding-right: 0px !important;padding-bottom: 0px !important;padding-left: 0px !important;}&#8221;][vc_column_inner width=&#8221;1\/3&#8243; css=&#8221;.vc_custom_1665149949812{margin-left: 10px !important;}&#8221;][vc_single_image image=&#8221;4064&#8243; style=&#8221;vc_box_circle&#8221;]<style type=\"text\/css\" data-type=\"the7_shortcodes-inline-css\">#default-btn-1c7cd0e539feed4731a5a82d2dad605f.ico-right-side > i {\n  margin-right: 0px;\n  margin-left: 10px;\n}\n#default-btn-1c7cd0e539feed4731a5a82d2dad605f > i {\n  margin-right: 10px;\n}\n<\/style><a href=\"mailto:estelle.gandjbakhch@aphp.fr\" class=\"default-btn-shortcode dt-btn dt-btn-s link-hover-off btn-inline-left \" id=\"default-btn-1c7cd0e539feed4731a5a82d2dad605f\"><i class=\"icomoon-the7-font-the7-mail-03\"><\/i><span>E-mail<\/span><\/a>[\/vc_column_inner][vc_column_inner width=&#8221;2\/3&#8243;][vc_column_text css=&#8221;.vc_custom_1769001713532{margin: 0px !important;padding: 0px !important;border: 0px initial !important;}&#8221;]<\/span><\/span><\/p>\n<h3 class=\"field--field-nom-prenom membre-bureau__field-nom-prenom\"><strong><span dir=\"auto\" style=\"vertical-align: inherit;\">Pr Estelle<br \/>\nGANDJBAKHCH<br \/>\n<\/span><\/strong><\/h3>\n<div class=\"field--field-position-equipe membre-bureau__field-position-equipe\"><span dir=\"auto\" style=\"vertical-align: inherit;\">Pr\u00e9sidente<\/span><\/div>\n<p>[\/vc_column_text][\/vc_column_inner][\/vc_row_inner][\/vc_column][vc_column width=&#8221;1\/3&#8243; css=&#8221;.vc_custom_1769001537870{margin: 0px !important;padding: 0px !important;border: 0px initial !important;}&#8221;][vc_row_inner css=&#8221;.vc_custom_1769001470984{margin-top: 0px !important;margin-right: 0px !important;margin-bottom: 0px !important;margin-left: 0px !important;padding-top: 0px !important;padding-right: 0px !important;padding-bottom: 0px !important;padding-left: 0px !important;}&#8221;][vc_column_inner width=&#8221;1\/3&#8243; css=&#8221;.vc_custom_1665150013709{margin-left: 10px !important;}&#8221;][vc_single_image image=&#8221;6292&#8243; style=&#8221;vc_box_circle&#8221;]<style type=\"text\/css\" data-type=\"the7_shortcodes-inline-css\">#default-btn-d2953f25cf4b25cf8f7c5cbacfdaa9e2.ico-right-side > i {\n  margin-right: 0px;\n  margin-left: 10px;\n}\n#default-btn-d2953f25cf4b25cf8f7c5cbacfdaa9e2 > i {\n  margin-right: 10px;\n}\n<\/style><a href=\"mailto:nicolas.lellouche@aphp.fr\" class=\"default-btn-shortcode dt-btn dt-btn-s link-hover-off btn-inline-left \" id=\"default-btn-d2953f25cf4b25cf8f7c5cbacfdaa9e2\"><i class=\"icomoon-the7-font-the7-mail-03\"><\/i><span>E-mail<\/span><\/a>[\/vc_column_inner][vc_column_inner width=&#8221;2\/3&#8243;][vc_column_text]<\/p>\n<h3 class=\"field--field-nom-prenom membre-bureau__field-nom-prenom\"><strong><span dir=\"auto\" style=\"vertical-align: inherit;\">Pr Nicolas<br \/>\nLELLOUCHE<br \/>\n<\/span><\/strong><\/h3>\n<div class=\"field--field-position-equipe membre-bureau__field-position-equipe\"><span dir=\"auto\" style=\"vertical-align: inherit;\">Vice-Pr\u00e9sident<\/span><\/div>\n<p>[\/vc_column_text][\/vc_column_inner][\/vc_row_inner][\/vc_column][vc_column width=&#8221;1\/3&#8243; css=&#8221;.vc_custom_1769001612230{margin: 0px !important;padding: 0px !important;border: 0px initial !important;}&#8221;][vc_row_inner css=&#8221;.vc_custom_1769001639406{margin-top: 0px !important;margin-right: 0px !important;margin-bottom: 0px !important;margin-left: 0px !important;padding-top: 0px !important;padding-right: 0px !important;padding-bottom: 0px !important;padding-left: 0px !important;}&#8221;][vc_column_inner width=&#8221;1\/3&#8243; css=&#8221;.vc_custom_1769001673859{margin: 0px !important;padding: 0px !important;border: 0px initial !important;}&#8221;][vc_single_image image=&#8221;4040&#8243; img_size=&#8221;101&#215;101&#8243; style=&#8221;vc_box_circle&#8221;]<style type=\"text\/css\" data-type=\"the7_shortcodes-inline-css\">#default-btn-5c497a7283f452024d407ae700d014a8.ico-right-side > i {\n  margin-right: 0px;\n  margin-left: 10px;\n}\n#default-btn-5c497a7283f452024d407ae700d014a8 > i {\n  margin-right: 10px;\n}\n<\/style><a href=\"mailto:frederic.sacher@u-bordeaux.fr\" class=\"default-btn-shortcode dt-btn dt-btn-s link-hover-off btn-inline-left \" id=\"default-btn-5c497a7283f452024d407ae700d014a8\"><i class=\"icomoon-the7-font-the7-mail-03\"><\/i><span>E-mail<\/span><\/a>[\/vc_column_inner][vc_column_inner width=&#8221;2\/3&#8243; css=&#8221;.vc_custom_1769001660441{margin-top: 0px !important;margin-right: 0px !important;margin-bottom: 0px !important;margin-left: 0px !important;padding-top: 0px !important;padding-right: 0px !important;padding-bottom: 0px !important;padding-left: 0px !important;}&#8221;][vc_column_text]<\/p>\n<h3 class=\"field--field-nom-prenom membre-bureau__field-nom-prenom\"><strong><span dir=\"auto\" style=\"vertical-align: inherit;\"><span dir=\"auto\" style=\"vertical-align: inherit;\">Pr Fr\u00e9d\u00e9ric<br \/>\nSACHER<\/span><\/span><\/strong><\/h3>\n<div class=\"field--field-position-equipe membre-bureau__field-position-equipe\"><span dir=\"auto\" style=\"vertical-align: inherit;\"><span dir=\"auto\" style=\"vertical-align: inherit;\">Past-Pr\u00e9sident<\/span><\/span><\/div>\n<div id=\"gtx-trans\" style=\"position: absolute; left: -7px; top: -9.625px;\">\n<div class=\"gtx-trans-icon\"><\/div>\n<\/div>\n<p>[\/vc_column_text][\/vc_column_inner][\/vc_row_inner][\/vc_column][\/vc_row][vc_row type=&#8221;vc_default&#8221;][vc_column][vc_empty_space height=&#8221;50px&#8221;][\/vc_column][\/vc_row][vc_row type=&#8221;vc_default&#8221; equal_height=&#8221;yes&#8221; content_placement=&#8221;top&#8221;][vc_column width=&#8221;1\/3&#8243;][vc_row_inner][vc_column_inner width=&#8221;1\/3&#8243;][vc_single_image image=&#8221;209&#8243; style=&#8221;vc_box_circle&#8221;]<style type=\"text\/css\" data-type=\"the7_shortcodes-inline-css\">#default-btn-20c89eae18ad00067b0837d5c529f08f.ico-right-side > i {\n  margin-right: 0px;\n  margin-left: 10px;\n}\n#default-btn-20c89eae18ad00067b0837d5c529f08f > i {\n  margin-right: 10px;\n}\n<\/style><a href=\"mailto:mina.aitsaid@hotmail.com\" class=\"default-btn-shortcode dt-btn dt-btn-s link-hover-off btn-inline-left \" id=\"default-btn-20c89eae18ad00067b0837d5c529f08f\"><i class=\"icomoon-the7-font-the7-mail-03\"><\/i><span>E-mail<\/span><\/a>[\/vc_column_inner][vc_column_inner width=&#8221;2\/3&#8243;][vc_column_text]<\/p>\n<h3 class=\"field--field-nom-prenom membre-bureau__field-nom-prenom\"><strong>Dr Mina<br \/>\nAIT-SAID<\/strong><\/h3>\n<div class=\"field--field-position-equipe membre-bureau__field-position-equipe\">Commissions : Recommandations et enqu\u00eates, Relation Patients<\/div>\n<p>[\/vc_column_text][\/vc_column_inner][\/vc_row_inner][\/vc_column][vc_column width=&#8221;1\/3&#8243;][vc_row_inner][vc_column_inner width=&#8221;1\/3&#8243;][vc_single_image image=&#8221;6288&#8243; style=&#8221;vc_box_circle&#8221;]<style type=\"text\/css\" data-type=\"the7_shortcodes-inline-css\">#default-btn-6dd3a57295880d6f372f44270c2de55e.ico-right-side > i {\n  margin-right: 0px;\n  margin-left: 10px;\n}\n#default-btn-6dd3a57295880d6f372f44270c2de55e > i {\n  margin-right: 10px;\n}\n<\/style><a href=\"mailto:walamara@gmail.com\" class=\"default-btn-shortcode dt-btn dt-btn-s link-hover-off btn-inline-left \" id=\"default-btn-6dd3a57295880d6f372f44270c2de55e\"><i class=\"icomoon-the7-font-the7-mail-03\"><\/i><span>E-mail<\/span><\/a>[\/vc_column_inner][vc_column_inner width=&#8221;2\/3&#8243;][vc_column_text]<\/p>\n<h3 class=\"field--field-nom-prenom membre-bureau__field-nom-prenom\"><strong>Dr Walid<br \/>\nAMARA<\/strong><\/h3>\n<div class=\"field--field-position-equipe membre-bureau__field-position-equipe\">Commissions : Communication, Technologie, num\u00e9rique et d\u00e9veloppement durable, Relation Patients<\/div>\n<p>[\/vc_column_text][\/vc_column_inner][\/vc_row_inner][\/vc_column][vc_column width=&#8221;1\/3&#8243;][vc_row_inner][vc_column_inner width=&#8221;1\/3&#8243; css=&#8221;.vc_custom_1665150001999{margin-left: 10px !important;}&#8221;][vc_single_image image=&#8221;6293&#8243; style=&#8221;vc_box_circle&#8221;]<style type=\"text\/css\" data-type=\"the7_shortcodes-inline-css\">#default-btn-bc71480273ec8dea2fba6c0a0abfbda9.ico-right-side > i {\n  margin-right: 0px;\n  margin-left: 10px;\n}\n#default-btn-bc71480273ec8dea2fba6c0a0abfbda9 > i {\n  margin-right: 10px;\n}\n<\/style><a href=\"mailto:champrigot-l@chu-caen.fr\" class=\"default-btn-shortcode dt-btn dt-btn-s link-hover-off btn-inline-left \" id=\"default-btn-bc71480273ec8dea2fba6c0a0abfbda9\"><i class=\"icomoon-the7-font-the7-mail-03\"><\/i><span>E-mail<\/span><\/a>[\/vc_column_inner][vc_column_inner width=&#8221;2\/3&#8243;][vc_column_text]<\/p>\n<h3 class=\"field--field-nom-prenom membre-bureau__field-nom-prenom\"><strong>Dr Laure<br \/>\nCHAMP-RIGOT<\/strong><\/h3>\n<div class=\"field--field-position-equipe membre-bureau__field-position-equipe\">Commissions : Formation, Sous Commission param\u00e9dicale, Recommandations et enqu\u00eates, Technologie, num\u00e9rique et d\u00e9veloppement durable<\/div>\n<p>[\/vc_column_text][\/vc_column_inner][\/vc_row_inner][\/vc_column][\/vc_row][vc_row type=&#8221;vc_default&#8221;][vc_column][vc_empty_space height=&#8221;50px&#8221;][\/vc_column][\/vc_row][vc_row type=&#8221;vc_default&#8221; equal_height=&#8221;yes&#8221; content_placement=&#8221;top&#8221;][vc_column width=&#8221;1\/3&#8243;][vc_row_inner][vc_column_inner width=&#8221;1\/3&#8243;][vc_single_image image=&#8221;4115&#8243; style=&#8221;vc_box_circle&#8221;]<style type=\"text\/css\" data-type=\"the7_shortcodes-inline-css\">#default-btn-b5ba2c5e1ce6f95665b7e8de2ac2cdd9.ico-right-side > i {\n  margin-right: 0px;\n  margin-left: 10px;\n}\n#default-btn-b5ba2c5e1ce6f95665b7e8de2ac2cdd9 > i {\n  margin-right: 10px;\n}\n<\/style><a href=\"mailto:scombes@clinique-pasteur.com\" class=\"default-btn-shortcode dt-btn dt-btn-s link-hover-off btn-inline-left \" id=\"default-btn-b5ba2c5e1ce6f95665b7e8de2ac2cdd9\"><i class=\"icomoon-the7-font-the7-mail-03\"><\/i><span>E-mail<\/span><\/a>[\/vc_column_inner][vc_column_inner width=&#8221;2\/3&#8243;][vc_column_text]<\/p>\n<h3 class=\"field--field-nom-prenom membre-bureau__field-nom-prenom\"><strong>Dr St\u00e9phane<br \/>\nCOMBES<\/strong><\/h3>\n<div class=\"field--field-position-equipe membre-bureau__field-position-equipe\">Commissions : Formation, Congres et international<\/div>\n<p>[\/vc_column_text][\/vc_column_inner][\/vc_row_inner][\/vc_column][vc_column width=&#8221;1\/3&#8243;][vc_row_inner][vc_column_inner width=&#8221;1\/3&#8243;][vc_single_image image=&#8221;4065&#8243; style=&#8221;vc_box_circle&#8221;]<style type=\"text\/css\" data-type=\"the7_shortcodes-inline-css\">#default-btn-33456adfcda4f7dcabc5ee9731811ec0.ico-right-side > i {\n  margin-right: 0px;\n  margin-left: 10px;\n}\n#default-btn-33456adfcda4f7dcabc5ee9731811ec0 > i {\n  margin-right: 10px;\n}\n<\/style><a href=\"mailto:fabrice.extramiana@aphp.fr\" class=\"default-btn-shortcode dt-btn dt-btn-s link-hover-off btn-inline-left \" id=\"default-btn-33456adfcda4f7dcabc5ee9731811ec0\"><i class=\"icomoon-the7-font-the7-mail-03\"><\/i><span>E-mail<\/span><\/a>[\/vc_column_inner][vc_column_inner width=&#8221;2\/3&#8243;][vc_column_text]<\/p>\n<h3 class=\"field--field-nom-prenom membre-bureau__field-nom-prenom\"><strong>Pr Fabrice<br \/>\nEXTRAMIANA<\/strong><\/h3>\n<div class=\"field--field-position-equipe membre-bureau__field-position-equipe\">Commissions : Formation, Congres et international , Technologie, num\u00e9rique et d\u00e9veloppement durable<\/div>\n<p>[\/vc_column_text][\/vc_column_inner][\/vc_row_inner][\/vc_column][vc_column width=&#8221;1\/3&#8243;][vc_row_inner][vc_column_inner width=&#8221;1\/3&#8243; css=&#8221;.vc_custom_1665150013709{margin-left: 10px !important;}&#8221;][vc_single_image image=&#8221;4068&#8243; style=&#8221;vc_box_circle&#8221;]<style type=\"text\/css\" data-type=\"the7_shortcodes-inline-css\">#default-btn-8ecc22830252455f70dee27a60806598.ico-right-side > i {\n  margin-right: 0px;\n  margin-left: 10px;\n}\n#default-btn-8ecc22830252455f70dee27a60806598 > i {\n  margin-right: 10px;\n}\n<\/style><a href=\"mailto:rodrigue_garcia@hotmail.fr\" class=\"default-btn-shortcode dt-btn dt-btn-s link-hover-off btn-inline-left \" id=\"default-btn-8ecc22830252455f70dee27a60806598\"><i class=\"icomoon-the7-font-the7-mail-03\"><\/i><span>E-mail<\/span><\/a>[\/vc_column_inner][vc_column_inner width=&#8221;2\/3&#8243;][vc_column_text]<\/p>\n<h3 class=\"field--field-nom-prenom membre-bureau__field-nom-prenom\"><strong>Dr Rodrigue<br \/>\nGARCIA<\/strong><\/h3>\n<div class=\"field--field-position-equipe membre-bureau__field-position-equipe\">Commissions : Congres et international , Communication, Recherche, Technologie, num\u00e9rique et d\u00e9veloppement durable<\/div>\n<p>[\/vc_column_text][\/vc_column_inner][\/vc_row_inner][\/vc_column][\/vc_row][vc_row][vc_column][vc_empty_space height=&#8221;50px&#8221;][\/vc_column][\/vc_row][vc_row][vc_column width=&#8221;1\/3&#8243;][vc_row_inner][vc_column_inner width=&#8221;1\/3&#8243; css=&#8221;.vc_custom_1665150001999{margin-left: 10px !important;}&#8221;][vc_single_image image=&#8221;6289&#8243; style=&#8221;vc_box_circle&#8221;]<style type=\"text\/css\" data-type=\"the7_shortcodes-inline-css\">#default-btn-2ada10cbd668bdb9acaedfd0df6a2331.ico-right-side > i {\n  margin-right: 0px;\n  margin-left: 10px;\n}\n#default-btn-2ada10cbd668bdb9acaedfd0df6a2331 > i {\n  margin-right: 10px;\n}\n<\/style><a href=\"mailto:PJacon@chu-grenoble.fr\" class=\"default-btn-shortcode dt-btn dt-btn-s link-hover-off btn-inline-left \" id=\"default-btn-2ada10cbd668bdb9acaedfd0df6a2331\"><i class=\"icomoon-the7-font-the7-mail-03\"><\/i><span>E-mail<\/span><\/a>[\/vc_column_inner][vc_column_inner width=&#8221;2\/3&#8243;][vc_column_text]<\/p>\n<h3 class=\"field--field-nom-prenom membre-bureau__field-nom-prenom\"><strong>Pr Peggy<br \/>\nJACON<\/strong><\/h3>\n<div class=\"field--field-position-equipe membre-bureau__field-position-equipe\">Commissions : Congres et international , Relation Patients<\/div>\n<p>[\/vc_column_text][\/vc_column_inner][\/vc_row_inner][\/vc_column][vc_column width=&#8221;1\/3&#8243;][vc_row_inner][vc_column_inner width=&#8221;1\/3&#8243; css=&#8221;.vc_custom_1665150001999{margin-left: 10px !important;}&#8221;][vc_single_image image=&#8221;4056&#8243; style=&#8221;vc_box_circle&#8221;]<style type=\"text\/css\" data-type=\"the7_shortcodes-inline-css\">#default-btn-5fadad5b782607b9b155d6bdd68e4eb8.ico-right-side > i {\n  margin-right: 0px;\n  margin-left: 10px;\n}\n#default-btn-5fadad5b782607b9b155d6bdd68e4eb8 > i {\n  margin-right: 10px;\n}\n<\/style><a href=\"mailto:eloi_marijon@yahoo.fr\" class=\"default-btn-shortcode dt-btn dt-btn-s link-hover-off btn-inline-left \" id=\"default-btn-5fadad5b782607b9b155d6bdd68e4eb8\"><i class=\"icomoon-the7-font-the7-mail-03\"><\/i><span>E-mail<\/span><\/a>[\/vc_column_inner][vc_column_inner width=&#8221;2\/3&#8243;][vc_column_text]<\/p>\n<h3 class=\"field--field-nom-prenom membre-bureau__field-nom-prenom\"><strong>Pr Eloi<br \/>\nMARIJON<\/strong><\/h3>\n<div class=\"field--field-position-equipe membre-bureau__field-position-equipe\">Commissions : Formation, Recherche<\/div>\n<p>[\/vc_column_text][\/vc_column_inner][\/vc_row_inner][\/vc_column][vc_column width=&#8221;1\/3&#8243;][vc_row_inner][vc_column_inner width=&#8221;1\/3&#8243; css=&#8221;.vc_custom_1665150018843{margin-left: 10px !important;}&#8221;][vc_single_image image=&#8221;211&#8243; style=&#8221;vc_box_circle&#8221;]<style type=\"text\/css\" data-type=\"the7_shortcodes-inline-css\">#default-btn-f11737225cdddcc01c6f62e4b8092e57.ico-right-side > i {\n  margin-right: 0px;\n  margin-left: 10px;\n}\n#default-btn-f11737225cdddcc01c6f62e4b8092e57 > i {\n  margin-right: 10px;\n}\n<\/style><a href=\"mailto:raphael.martins@chu-rennes.fr\" class=\"default-btn-shortcode dt-btn dt-btn-s link-hover-off btn-inline-left \" id=\"default-btn-f11737225cdddcc01c6f62e4b8092e57\"><i class=\"icomoon-the7-font-the7-mail-03\"><\/i><span>E-mail<\/span><\/a>[\/vc_column_inner][vc_column_inner width=&#8221;2\/3&#8243;][vc_column_text]<\/p>\n<h3 class=\"field--field-nom-prenom membre-bureau__field-nom-prenom\"><strong>Dr Raphael<br \/>\nMARTINS<\/strong><\/h3>\n<div class=\"field--field-position-equipe membre-bureau__field-position-equipe\">Commissions :\u00a0 Communication, Recherche<\/div>\n<p>[\/vc_column_text][\/vc_column_inner][\/vc_row_inner][\/vc_column][\/vc_row][vc_row][vc_column][vc_empty_space height=&#8221;50px&#8221;][\/vc_column][\/vc_row][vc_row][vc_column width=&#8221;1\/3&#8243;][vc_row_inner][vc_column_inner width=&#8221;1\/3&#8243; css=&#8221;.vc_custom_1665150035383{margin-left: 10px !important;}&#8221;][vc_single_image image=&#8221;203&#8243; style=&#8221;vc_box_circle&#8221;]<style type=\"text\/css\" data-type=\"the7_shortcodes-inline-css\">#default-btn-21c2249229946a66fc26230dd2ddc72c.ico-right-side > i {\n  margin-right: 0px;\n  margin-left: 10px;\n}\n#default-btn-21c2249229946a66fc26230dd2ddc72c > i {\n  margin-right: 10px;\n}\n<\/style><a href=\"mailto:maury.p@chu-toulouse.fr\" class=\"default-btn-shortcode dt-btn dt-btn-s link-hover-off btn-inline-left \" id=\"default-btn-21c2249229946a66fc26230dd2ddc72c\"><i class=\"icomoon-the7-font-the7-mail-03\"><\/i><span>E-mail<\/span><\/a>[\/vc_column_inner][vc_column_inner width=&#8221;2\/3&#8243;][vc_column_text]<\/p>\n<h3 class=\"field--field-nom-prenom membre-bureau__field-nom-prenom\"><strong>Pr Philippe<br \/>\nMAURY<\/strong><\/h3>\n<div class=\"field--field-position-equipe membre-bureau__field-position-equipe\">Commissions : Formation, Recherche, Recommandations et enqu\u00eates, Technologie, num\u00e9rique et d\u00e9veloppement durable<\/div>\n<p>[\/vc_column_text][\/vc_column_inner][\/vc_row_inner][\/vc_column][vc_column width=&#8221;1\/3&#8243;][vc_row_inner][vc_column_inner width=&#8221;1\/3&#8243; css=&#8221;.vc_custom_1665150001999{margin-left: 10px !important;}&#8221;][vc_single_image image=&#8221;4119&#8243; style=&#8221;vc_box_circle&#8221;]<style type=\"text\/css\" data-type=\"the7_shortcodes-inline-css\">#default-btn-75bc636bd896023657bea575cab51164.ico-right-side > i {\n  margin-right: 0px;\n  margin-left: 10px;\n}\n#default-btn-75bc636bd896023657bea575cab51164 > i {\n  margin-right: 10px;\n}\n<\/style><a href=\"mailto:vincent.probst@chu-nantes.fr\" class=\"default-btn-shortcode dt-btn dt-btn-s link-hover-off btn-inline-left \" id=\"default-btn-75bc636bd896023657bea575cab51164\"><i class=\"icomoon-the7-font-the7-mail-03\"><\/i><span>E-mail<\/span><\/a>[\/vc_column_inner][vc_column_inner width=&#8221;2\/3&#8243;][vc_column_text]<\/p>\n<h3 class=\"field--field-nom-prenom membre-bureau__field-nom-prenom\"><strong>Pr Vincent<br \/>\nPROBST<\/strong><\/h3>\n<div class=\"field--field-position-equipe membre-bureau__field-position-equipe\">Commissions : Congr\u00e8s et international , Recherche, Recommandations et enqu\u00eates, Relation Patients<\/div>\n<p>[\/vc_column_text][\/vc_column_inner][\/vc_row_inner][\/vc_column][vc_column width=&#8221;1\/3&#8243;][vc_row_inner][vc_column_inner width=&#8221;1\/3&#8243;][vc_single_image image=&#8221;3191&#8243; style=&#8221;vc_box_circle&#8221;]<style type=\"text\/css\" data-type=\"the7_shortcodes-inline-css\">#default-btn-84a691512cc99a190ac4ac4451532844.ico-right-side > i {\n  margin-right: 0px;\n  margin-left: 10px;\n}\n#default-btn-84a691512cc99a190ac4ac4451532844 > i {\n  margin-right: 10px;\n}\n<\/style><a href=\"mailto:l-delsarte@chu-montpellier.fr\" class=\"default-btn-shortcode dt-btn dt-btn-s link-hover-off btn-inline-left \" id=\"default-btn-84a691512cc99a190ac4ac4451532844\"><i class=\"icomoon-the7-font-the7-mail-03\"><\/i><span>E-mail<\/span><\/a>[\/vc_column_inner][vc_column_inner width=&#8221;2\/3&#8243;][vc_column_text]<\/p>\n<h3 class=\"field--field-nom-prenom membre-bureau__field-nom-prenom\"><strong><span dir=\"auto\" style=\"vertical-align: inherit;\">Dr Laura<br \/>\nDELSARTE<br \/>\n<\/span><\/strong><\/h3>\n<div class=\"field--field-position-equipe membre-bureau__field-position-equipe\">Repr\u00e9sentante du Coll\u00e8ge des Cardiologues en Formation<br \/>\nCommissions : Formation, Relation Patients<\/div>\n<div id=\"gtx-trans\" style=\"position: absolute; left: -27px; top: 29px;\">\n<div class=\"gtx-trans-icon\"><\/div>\n<\/div>\n<p>[\/vc_column_text][\/vc_column_inner][\/vc_row_inner][\/vc_column][\/vc_row][vc_row][vc_column][vc_empty_space height=&#8221;50px&#8221;][\/vc_column][\/vc_row][vc_row][vc_column width=&#8221;1\/3&#8243;][\/vc_column][vc_column width=&#8221;1\/3&#8243;][vc_row_inner][vc_column_inner width=&#8221;1\/3&#8243; css=&#8221;.vc_custom_1665150040890{margin-left: 10px !important;}&#8221;][vc_single_image image=&#8221;205&#8243; style=&#8221;vc_box_circle&#8221;]<style type=\"text\/css\" data-type=\"the7_shortcodes-inline-css\">#default-btn-b0431d0d3a31061fec5babdd81cb7c08.ico-right-side > i {\n  margin-right: 0px;\n  margin-left: 10px;\n}\n#default-btn-b0431d0d3a31061fec5babdd81cb7c08 > i {\n  margin-right: 10px;\n}\n<\/style><a href=\"mailto:carole.mette@hotmail.com\" class=\"default-btn-shortcode dt-btn dt-btn-s link-hover-off btn-inline-left \" id=\"default-btn-b0431d0d3a31061fec5babdd81cb7c08\"><i class=\"icomoon-the7-font-the7-mail-03\"><\/i><span>E-mail<\/span><\/a>[\/vc_column_inner][vc_column_inner width=&#8221;2\/3&#8243;][vc_column_text]<\/p>\n<h3 class=\"field--field-nom-prenom membre-bureau__field-nom-prenom\"><strong><span dir=\"auto\" style=\"vertical-align: inherit;\">Mme Carole<br \/>\nMETTE<br \/>\n<\/span><\/strong><\/h3>\n<div class=\"field--field-position-equipe membre-bureau__field-position-equipe\">Repr\u00e9sentante du Coll\u00e8ge des Param\u00e9dicaux<\/div>\n<div>Commission Relations Patients<\/div>\n<div id=\"gtx-trans\" style=\"position: absolute; left: -15px; top: 29px;\">\n<div class=\"gtx-trans-icon\"><\/div>\n<\/div>\n<p>[\/vc_column_text][\/vc_column_inner][\/vc_row_inner][\/vc_column][vc_column width=&#8221;1\/3&#8243;][vc_row_inner gap=&#8221;5&#8243;][vc_column_inner width=&#8221;1\/3&#8243;][\/vc_column_inner][vc_column_inner largeur=&#8221;2\/3&#8243;][\/vc_column_inner][\/vc_row_inner][\/vc_column][\/vc_row][vc_row][vc_column][vc_column_text][\/vc_column_text][\/vc_column][\/vc_row]<\/p>\n","protected":false},"excerpt":{"rendered":"<p>[vc_row][vc_column][vc_column_text][\/vc_column_text][\/vc_column][\/vc_row][vc_row][vc_column][vc_wp_custommenu nav_menu=&#8221;5&#8243; el_class=&#8221;sous-menu-president&#8221;][vc_separator color=&#8221;custom&#8221; border_width=&#8221;2&#8243; accent_color=&#8221;#e4201c&#8221;][vc_row_inner][vc_column_inner width=&#8221;5\/6&#8243;][vc_column_text] LE COMIT\u00c9 DE DIRECTION [\/vc_column_text][\/vc_column_inner][\/vc_row_inner][\/vc_column][\/vc_row][vc_row type=&#8221;vc_default&#8221;][vc_column][vc_empty_space height=&#8221;50px&#8221;][\/vc_column][\/vc_row][vc_row type=&#8221;vc_default&#8221;][vc_column width=&#8221;1\/3&#8243; css=&#8221;.vc_custom_1769001587638{margin: 0px !important;padding: 0px !important;border: 0px initial !important;}&#8221;][vc_row_inner css=&#8221;.vc_custom_1769001514976{margin-top: 0px !important;margin-right: 0px !important;margin-bottom: 0px !important;margin-left: 0px !important;padding-top: 0px !important;padding-right: 0px !important;padding-bottom: 0px !important;padding-left: 0px !important;}&#8221;][vc_column_inner width=&#8221;1\/3&#8243; css=&#8221;.vc_custom_1665149949812{margin-left: 10px !important;}&#8221;][vc_single_image image=&#8221;4064&#8243; style=&#8221;vc_box_circle&#8221;][\/vc_column_inner][vc_column_inner width=&#8221;2\/3&#8243;][vc_column_text css=&#8221;.vc_custom_1769001713532{margin: 0px !important;padding: 0px !important;border: 0px initial&hellip;<\/p>\n","protected":false},"author":2,"featured_media":0,"parent":0,"menu_order":0,"comment_status":"closed","ping_status":"closed","template":"","meta":{"inline_featured_image":false,"footnotes":"","_links_to":"","_links_to_target":""},"class_list":["post-186","page","type-page","status-publish","hentry","description-off"],"_links":{"self":[{"href":"https:\/\/rythmologie.fr\/index\/wp-json\/wp\/v2\/pages\/186","targetHints":{"allow":["GET"]}}],"collection":[{"href":"https:\/\/rythmologie.fr\/index\/wp-json\/wp\/v2\/pages"}],"about":[{"href":"https:\/\/rythmologie.fr\/index\/wp-json\/wp\/v2\/types\/page"}],"author":[{"embeddable":true,"href":"https:\/\/rythmologie.fr\/index\/wp-json\/wp\/v2\/users\/2"}],"replies":[{"embeddable":true,"href":"https:\/\/rythmologie.fr\/index\/wp-json\/wp\/v2\/comments?post=186"}],"version-history":[{"count":93,"href":"https:\/\/rythmologie.fr\/index\/wp-json\/wp\/v2\/pages\/186\/revisions"}],"predecessor-version":[{"id":6354,"href":"https:\/\/rythmologie.fr\/index\/wp-json\/wp\/v2\/pages\/186\/revisions\/6354"}],"wp:attachment":[{"href":"https:\/\/rythmologie.fr\/index\/wp-json\/wp\/v2\/media?parent=186"}],"curies":[{"name":"wp","href":"https:\/\/api.w.org\/{rel}","templated":true}]}}