{"id":121,"date":"2022-04-12T09:40:01","date_gmt":"2022-04-12T07:40:01","guid":{"rendered":"http:\/\/localhost\/rythmo-2022\/?page_id=121"},"modified":"2026-01-21T20:21:32","modified_gmt":"2026-01-21T19:21:32","slug":"le-groupe","status":"publish","type":"page","link":"https:\/\/rythmologie.fr\/index\/le-groupe\/","title":{"rendered":"LE GROUPE"},"content":{"rendered":"<p>[vc_row][vc_column][vc_wp_custommenu nav_menu=&#8221;5&#8243;][vc_separator color=&#8221;custom&#8221; border_width=&#8221;2&#8243; accent_color=&#8221;#e4201c&#8221;][vc_row_inner][vc_column_inner width=&#8221;1\/6&#8243;][vc_single_image image=&#8221;6299&#8243; img_size=&#8221;full&#8221; alignment=&#8221;center&#8221; style=&#8221;vc_box_circle_2&#8243;][\/vc_column_inner][vc_column_inner width=&#8221;5\/6&#8243;][vc_column_text]<\/p>\n<h5><span style=\"color: #7195d1;\">LE MOT DE LA PR\u00c9SIDENTE<\/span><\/h5>\n<p>[\/vc_column_text]<div id=\"ultimate-heading-265069fec1be6ee92\" class=\"uvc-heading ult-adjust-bottom-margin ultimate-heading-265069fec1be6ee92 uvc-7892  uvc-heading-default-font-sizes\" data-hspacer=\"no_spacer\"  data-halign=\"left\" style=\"text-align:left\"><div class=\"uvc-heading-spacer no_spacer\" style=\"top\"><\/div><div class=\"uvc-sub-heading ult-responsive\"  data-ultimate-target='.uvc-heading.ultimate-heading-265069fec1be6ee92 .uvc-sub-heading '  data-responsive-json-new='{\"font-size\":\"\",\"line-height\":\"\"}'  style=\"font-family:&#039;Montserrat&#039;;font-weight:500;color:#000000;\">En ce d\u00e9but d\u2019ann\u00e9e 2026, je suis tr\u00e8s heureuse de m\u2019adresser \u00e0 vous alors que le bureau du Groupe de Rythmologie et de Stimulation Cardiaque de la Soci\u00e9t\u00e9 Fran\u00e7aise de Cardiologie se renouvelle. Je souhaite accueillir chaleureusement le Dr Peggy Jacon et le Dr Walid Amara, qui rejoignent le bureau, et remercier sinc\u00e8rement le Pr Pascal Defaye et le Dr J\u00e9r\u00f4me Taieb pour leur engagement et leur contribution majeurs aux actions du groupe au cours des derni\u00e8res ann\u00e9es. Bravo \u00e9galement \u00e0 Nicolas Lellouche, \u00e9lu au poste de Vice-Pr\u00e9sident du Groupe. Enfin, nous tenons \u00e9galement \u00e0 remercier chaleureusement Fr\u00e9d\u00e9ric Sacher pour son action pendant deux ans \u00e0 la pr\u00e9sidence du Groupe.<\/p>\n<p>Avec le bureau, notre objectif est de travailler avec l\u2019ensemble de la communaut\u00e9 rythmologique afin d\u2019en refl\u00e9ter la diversit\u00e9, de promouvoir la f\u00e9minisation de notre discipline et de renforcer la visibilit\u00e9 de la rythmologie fran\u00e7aise, en particulier \u00e0 l\u2019\u00e9chelle europ\u00e9enne au sein de l\u2019EHRA et \u00e0 travers des collaborations avec nos coll\u00e8gues de la francophonie.<\/p>\n<p>Nous souhaitons poursuivre et amplifier les actions engag\u00e9es ces derni\u00e8res ann\u00e9es. Cette dynamique se concr\u00e9tisera notamment lors de <strong>notre congr\u00e8s annuel<\/strong>, qui se tiendra cette ann\u00e9e \u00e0 <strong>Nantes<\/strong> du <strong>10 au 12 juin 2026<\/strong>, moment privil\u00e9gi\u00e9 d\u2019\u00e9changes, de formation et de partage au sein de notre communaut\u00e9.<\/p>\n<p>La <strong>formation<\/strong> reste une priorit\u00e9, en lien \u00e9troit avec le Coll\u00e8ge des enseignants : soutien aux docteurs juniors, promotion de l\u2019examen EHRA d\u00e9sormais disponible en fran\u00e7ais, d\u00e9veloppement de masterclasses d\u00e9di\u00e9es et poursuite de l\u2019\u00e9dition d\u2019ouvrages de r\u00e9f\u00e9rence, dont le Pr\u00e9cis de cardiog\u00e9n\u00e9tique en collaboration avec la fili\u00e8re Cardiogen et un textbook pratique d\u2019\u00e9lectrophysiologie.<\/p>\n<p>La <strong>recherche et la coop\u00e9ration nationale<\/strong> constituent un autre axe fort, avec la volont\u00e9 de faciliter la recherche collaborative et le partage de donn\u00e9es. Le groupe soutient notamment les registres et consortiums nationaux, tels que DAI-PP et le registre French-STaR, et accompagne les jeunes chercheurs via des bourses de mobilit\u00e9 internationale.<\/p>\n<p>Le renforcement de la <strong>formation<\/strong> et de l\u2019implication des professionnels param\u00e9dicaux constitue \u00e9galement une priorit\u00e9. Le groupe soutiendra le d\u00e9veloppement de formations sp\u00e9cialis\u00e9es, notamment \u00e0 travers l\u2019accompagnement de la cr\u00e9ation d\u2019un DIU national, et encouragera les initiatives favorisant la coop\u00e9ration interprofessionnelle au sein des \u00e9quipes.<\/p>\n<p>Une attention particuli\u00e8re sera port\u00e9e \u00e0 la<strong> place des patients<\/strong>, avec la cr\u00e9ation d\u2019une commission d\u00e9di\u00e9e visant \u00e0 renforcer l\u2019information, l\u2019accompagnement, l\u2019\u00e9ducation th\u00e9rapeutique et les liens avec les associations de patients.<\/p>\n<p>Nous continuerons \u00e9galement \u00e0 porter les <strong>enjeux li\u00e9s aux technologies et au num\u00e9rique<\/strong> \u2014 innovation, intelligence artificielle, t\u00e9l\u00e9surveillance \u2014 ainsi que les questions d\u2019\u00e9coresponsabilit\u00e9, au service de l\u2019am\u00e9lioration des pratiques et de la qualit\u00e9 des soins.<\/p>\n<p>Je tiens \u00e0 remercier l\u2019ensemble des membres du groupe pour leur engagement et leur dynamisme. C\u2019est collectivement que nous continuerons \u00e0 faire vivre et progresser la rythmologie fran\u00e7aise.<\/p>\n<p>Je vous adresse \u00e0 toutes et \u00e0 tous mes meilleurs v\u0153ux et vous souhaite une tr\u00e8s belle et heureuse ann\u00e9e 2026.<\/div><\/div><div id=\"ultimate-heading-964569fec1be6ef05\" class=\"uvc-heading ult-adjust-bottom-margin ultimate-heading-964569fec1be6ef05 uvc-6872  uvc-heading-default-font-sizes\" data-hspacer=\"no_spacer\"  data-halign=\"left\" style=\"text-align:left\"><div class=\"uvc-heading-spacer no_spacer\" style=\"top\"><\/div><div class=\"uvc-sub-heading ult-responsive\"  data-ultimate-target='.uvc-heading.ultimate-heading-964569fec1be6ef05 .uvc-sub-heading '  data-responsive-json-new='{\"font-size\":\"\",\"line-height\":\"\"}'  style=\"font-family:&#039;Montserrat&#039;;font-weight:500;color:#000000;\"><\/p>\n<p style=\"text-align: justify;\"><strong>Pr Estelle Gandjbakhch<\/strong><\/p>\n<p style=\"text-align: justify;\">Pr\u00e9sidente du Groupe Rythmologie et Stimulation cardiaque au nom du bureau<\/p>\n<p><\/div><\/div>[\/vc_column_inner][\/vc_row_inner][\/vc_column][\/vc_row][vc_row][vc_column][vc_empty_space height=&#8221;60px&#8221;][\/vc_column][vc_column width=&#8221;1\/4&#8243;][\/vc_column][vc_column width=&#8221;1\/2&#8243;][vc_column_text]<\/p>\n\n<p>[\/vc_column_text][\/vc_column][vc_column width=&#8221;1\/4&#8243;][\/vc_column][\/vc_row]<\/p>\n","protected":false},"excerpt":{"rendered":"<p>[vc_row][vc_column][vc_wp_custommenu nav_menu=&#8221;5&#8243;][vc_separator color=&#8221;custom&#8221; border_width=&#8221;2&#8243; accent_color=&#8221;#e4201c&#8221;][vc_row_inner][vc_column_inner width=&#8221;1\/6&#8243;][vc_single_image image=&#8221;6299&#8243; img_size=&#8221;full&#8221; alignment=&#8221;center&#8221; style=&#8221;vc_box_circle_2&#8243;][\/vc_column_inner][vc_column_inner width=&#8221;5\/6&#8243;][vc_column_text] LE MOT DE LA PR\u00c9SIDENTE [\/vc_column_text][\/vc_column_inner][\/vc_row_inner][\/vc_column][\/vc_row][vc_row][vc_column][vc_empty_space height=&#8221;60px&#8221;][\/vc_column][vc_column width=&#8221;1\/4&#8243;][\/vc_column][vc_column width=&#8221;1\/2&#8243;][vc_column_text] [\/vc_column_text][\/vc_column][vc_column width=&#8221;1\/4&#8243;][\/vc_column][\/vc_row]<\/p>\n","protected":false},"author":1,"featured_media":0,"parent":0,"menu_order":0,"comment_status":"closed","ping_status":"closed","template":"","meta":{"inline_featured_image":false,"footnotes":"","_links_to":"","_links_to_target":""},"class_list":["post-121","page","type-page","status-publish","hentry","description-off"],"_links":{"self":[{"href":"https:\/\/rythmologie.fr\/index\/wp-json\/wp\/v2\/pages\/121","targetHints":{"allow":["GET"]}}],"collection":[{"href":"https:\/\/rythmologie.fr\/index\/wp-json\/wp\/v2\/pages"}],"about":[{"href":"https:\/\/rythmologie.fr\/index\/wp-json\/wp\/v2\/types\/page"}],"author":[{"embeddable":true,"href":"https:\/\/rythmologie.fr\/index\/wp-json\/wp\/v2\/users\/1"}],"replies":[{"embeddable":true,"href":"https:\/\/rythmologie.fr\/index\/wp-json\/wp\/v2\/comments?post=121"}],"version-history":[{"count":48,"href":"https:\/\/rythmologie.fr\/index\/wp-json\/wp\/v2\/pages\/121\/revisions"}],"predecessor-version":[{"id":6358,"href":"https:\/\/rythmologie.fr\/index\/wp-json\/wp\/v2\/pages\/121\/revisions\/6358"}],"wp:attachment":[{"href":"https:\/\/rythmologie.fr\/index\/wp-json\/wp\/v2\/media?parent=121"}],"curies":[{"name":"wp","href":"https:\/\/api.w.org\/{rel}","templated":true}]}}